{"id":25777,"date":"2025-09-10T13:33:14","date_gmt":"2025-09-10T11:33:14","guid":{"rendered":"https:\/\/cemab.com\/?post_type=product&#038;p=25777"},"modified":"2025-09-15T12:04:47","modified_gmt":"2025-09-15T10:04:47","slug":"aldo","status":"publish","type":"product","link":"https:\/\/cemab.com\/fr\/catalogue\/presentoirs-de-sol\/aldo\/","title":{"rendered":"Aldo"},"content":{"rendered":"<p>Ce mod\u00e8le est id\u00e9al pour mettre en valeur vos produits dans des lieux tels que les magasins, supermarch\u00e9s, stands promotionnels, \u00e9v\u00e9nements et salons. Fabriqu\u00e9 en bois, il est con\u00e7u pour \u00eatre robuste et facile \u00e0 assembler gr\u00e2ce \u00e0 un syst\u00e8me d\u2019embo\u00eetement, sans n\u00e9cessiter d\u2019outils. Les pr\u00e9sentoirs sont livr\u00e9s d\u00e9mont\u00e9s, avec des instructions claires pour un montage rapide et sont soigneusement emball\u00e9s pour un transport \u00e9conomique. Personnalisez chaque pr\u00e9sentoir en choisissant votre logo, vos couleurs et une finition matte ou laqu\u00e9e. Vous pouvez \u00e9galement opter pour un mod\u00e8le sur mesure, en fonction de la forme et des dimensions souhait\u00e9es. Parcourez notre catalogue pour d\u00e9couvrir d\u2019autres mod\u00e8les de pr\u00e9sentoirs de sol avec crochets, \u00e9tag\u00e8res, double face, ainsi que des pr\u00e9sentoirs th\u00e9matiques pour \u00e9v\u00e9nements et f\u00eates. N\u2019oubliez pas de consulter aussi la section \u201cpr\u00e9sentoirs de comptoir\u201d pour des solutions int\u00e9ressantes et personnalisables \u00e0 des prix avantageux.<br \/>\nDemandez d\u00e8s maintenant un devis et b\u00e9n\u00e9ficiez d\u2019offres sp\u00e9ciales pour les grandes quantit\u00e9s !<\/p>\n","protected":false},"excerpt":{"rendered":"<div class=\"sizeprod\" style=\"text-align: center; font-size: 1.1em !important;\">L 40 x P 40 x H 170 cm<\/div>\n<div class=\"shortdesc\">\n<p><strong>Pr\u00e9sentoir de sol en bois avec \u00e9tag\u00e8res. Personnalisable avec votre logo et les couleurs de votre choix. Parfait pour exposer vos jus de fruits.<\/strong><\/p>\n<p><strong>Dimensions internes:<\/strong><br \/>\nHauteur: 170 cm<br \/>\nLargeur: 40 cm<br \/>\nProfondeur: 40 cm<br \/>\nDistance entre \u00e9tag\u00e8res: 38 cm<\/p>\n<p><strong>Pour conna\u00eetre nos tarifs et personnaliser les dimensions, les \u00e9tag\u00e8res, les couleurs ou le logo, contactez-nous par e-mail ou par t\u00e9l\u00e9phone :<\/strong><\/p>\n<\/div>\n<div class=\"callus\">\n<p class=\"productInformation prodInfoSub\"><a href=\"tel:800-148764\"><img decoding=\"async\" class=\"alignnone size-full wp-image-6096\" src=\"https:\/\/cemab.com\/2016\/wp-content\/uploads\/chiamaci.jpg\" alt=\"chiamaci\" width=\"150\" height=\"56\" \/><\/a><\/p>\n<\/div>\n","protected":false},"featured_media":11798,"template":"","meta":{"_acf_changed":false,"om_disable_all_campaigns":false},"product_brand":[],"product_cat":[333],"product_tag":[39,358],"class_list":{"0":"post-25777","1":"product","2":"type-product","3":"status-publish","4":"has-post-thumbnail","6":"product_cat-presentoirs-de-sol","7":"product_tag-personalizzabile","8":"product_tag-vini-ed-enoteche","10":"first","11":"instock","12":"shipping-taxable","13":"product-type-simple"},"acf":[],"yoast_head":"<!-- This site is optimized with the Yoast SEO plugin v26.8 - https:\/\/yoast.com\/product\/yoast-seo-wordpress\/ -->\n<title>Pr\u00e9sentoir de sol en bois de bouleau pour jus bio, avec \u00e9tag\u00e8res. Personnalisable avec votre logo et les couleurs de votre choix<\/title>\n<meta name=\"description\" content=\"Pr\u00e9sentoir de sol en bois de bouleau pour jus bio, avec \u00e9tag\u00e8res. Personnalisable avec votre logo et les couleurs de votre choix\" \/>\n<meta name=\"robots\" content=\"index, follow, max-snippet:-1, max-image-preview:large, max-video-preview:-1\" \/>\n<link rel=\"canonical\" href=\"https:\/\/cemab.com\/fr\/catalogue\/presentoirs-de-sol\/aldo\/\" \/>\n<meta property=\"og:locale\" content=\"fr_FR\" \/>\n<meta property=\"og:type\" content=\"article\" \/>\n<meta property=\"og:title\" content=\"Pr\u00e9sentoir de sol en bois de bouleau pour jus bio, avec \u00e9tag\u00e8res. Personnalisable avec votre logo et les couleurs de votre choix\" \/>\n<meta property=\"og:description\" content=\"Pr\u00e9sentoir de sol en bois de bouleau pour jus bio, avec \u00e9tag\u00e8res. Personnalisable avec votre logo et les couleurs de votre choix\" \/>\n<meta property=\"og:url\" content=\"https:\/\/cemab.com\/fr\/catalogue\/presentoirs-de-sol\/aldo\/\" \/>\n<meta property=\"og:site_name\" content=\"Cemab srl - Espositori in legno ad incastro\" \/>\n<meta property=\"article:publisher\" content=\"https:\/\/www.facebook.com\/cemab.srl\/\" \/>\n<meta property=\"article:modified_time\" content=\"2025-09-15T10:04:47+00:00\" \/>\n<meta property=\"og:image\" content=\"https:\/\/cemab.com\/2016\/wp-content\/uploads\/espositore-succhi-bio-1.jpg\" \/>\n\t<meta property=\"og:image:width\" content=\"1140\" \/>\n\t<meta property=\"og:image:height\" content=\"1280\" \/>\n\t<meta property=\"og:image:type\" content=\"image\/jpeg\" \/>\n<meta name=\"twitter:card\" content=\"summary_large_image\" \/>\n<meta name=\"twitter:site\" content=\"@cemabsrl\" \/>\n<meta name=\"twitter:label1\" content=\"Est. reading time\" \/>\n\t<meta name=\"twitter:data1\" content=\"2 minutes\" \/>\n<script type=\"application\/ld+json\" class=\"yoast-schema-graph\">{\"@context\":\"https:\/\/schema.org\",\"@graph\":[{\"@type\":\"WebPage\",\"@id\":\"https:\/\/cemab.com\/fr\/catalogue\/presentoirs-de-sol\/aldo\/\",\"url\":\"https:\/\/cemab.com\/fr\/catalogue\/presentoirs-de-sol\/aldo\/\",\"name\":\"Pr\u00e9sentoir de sol en bois de bouleau pour jus bio, avec \u00e9tag\u00e8res. Personnalisable avec votre logo et les couleurs de votre choix\",\"isPartOf\":{\"@id\":\"https:\/\/cemab.com\/fr\/#website\"},\"primaryImageOfPage\":{\"@id\":\"https:\/\/cemab.com\/fr\/catalogue\/presentoirs-de-sol\/aldo\/#primaryimage\"},\"image\":{\"@id\":\"https:\/\/cemab.com\/fr\/catalogue\/presentoirs-de-sol\/aldo\/#primaryimage\"},\"thumbnailUrl\":\"https:\/\/cemab.com\/2016\/wp-content\/uploads\/espositore-succhi-bio-1.jpg\",\"datePublished\":\"2025-09-10T11:33:14+00:00\",\"dateModified\":\"2025-09-15T10:04:47+00:00\",\"description\":\"Pr\u00e9sentoir de sol en bois de bouleau pour jus bio, avec \u00e9tag\u00e8res. Personnalisable avec votre logo et les couleurs de votre choix\",\"breadcrumb\":{\"@id\":\"https:\/\/cemab.com\/fr\/catalogue\/presentoirs-de-sol\/aldo\/#breadcrumb\"},\"inLanguage\":\"fr-FR\",\"potentialAction\":[{\"@type\":\"ReadAction\",\"target\":[\"https:\/\/cemab.com\/fr\/catalogue\/presentoirs-de-sol\/aldo\/\"]}]},{\"@type\":\"ImageObject\",\"inLanguage\":\"fr-FR\",\"@id\":\"https:\/\/cemab.com\/fr\/catalogue\/presentoirs-de-sol\/aldo\/#primaryimage\",\"url\":\"https:\/\/cemab.com\/2016\/wp-content\/uploads\/espositore-succhi-bio-1.jpg\",\"contentUrl\":\"https:\/\/cemab.com\/2016\/wp-content\/uploads\/espositore-succhi-bio-1.jpg\",\"width\":1140,\"height\":1280,\"caption\":\"espositore per succhi bio\"},{\"@type\":\"BreadcrumbList\",\"@id\":\"https:\/\/cemab.com\/fr\/catalogue\/presentoirs-de-sol\/aldo\/#breadcrumb\",\"itemListElement\":[{\"@type\":\"ListItem\",\"position\":1,\"name\":\"Home\",\"item\":\"https:\/\/cemab.com\/fr\/\"},{\"@type\":\"ListItem\",\"position\":2,\"name\":\"Catalogo\",\"item\":\"https:\/\/cemab.com\/catalogo\/\"},{\"@type\":\"ListItem\",\"position\":3,\"name\":\"Pr\u00e9sentoirs de sol\",\"item\":\"https:\/\/cemab.com\/fr\/categorie\/presentoirs-de-sol\/\"},{\"@type\":\"ListItem\",\"position\":4,\"name\":\"Aldo\"}]},{\"@type\":\"WebSite\",\"@id\":\"https:\/\/cemab.com\/fr\/#website\",\"url\":\"https:\/\/cemab.com\/fr\/\",\"name\":\"Cemab srl - Espositori in legno ad incastro\",\"description\":\"espositori in legno ad incastro :: wooden display in kit :: holz display :: pr\u00e9sentoirs en bois :: expositores de madera\",\"publisher\":{\"@id\":\"https:\/\/cemab.com\/fr\/#organization\"},\"potentialAction\":[{\"@type\":\"SearchAction\",\"target\":{\"@type\":\"EntryPoint\",\"urlTemplate\":\"https:\/\/cemab.com\/fr\/?s={search_term_string}\"},\"query-input\":{\"@type\":\"PropertyValueSpecification\",\"valueRequired\":true,\"valueName\":\"search_term_string\"}}],\"inLanguage\":\"fr-FR\"},{\"@type\":\"Organization\",\"@id\":\"https:\/\/cemab.com\/fr\/#organization\",\"name\":\"Cemab srl\",\"url\":\"https:\/\/cemab.com\/fr\/\",\"logo\":{\"@type\":\"ImageObject\",\"inLanguage\":\"fr-FR\",\"@id\":\"https:\/\/cemab.com\/fr\/#\/schema\/logo\/image\/\",\"url\":\"https:\/\/cemab.com\/2016\/wp-content\/uploads\/cemab.png\",\"contentUrl\":\"https:\/\/cemab.com\/2016\/wp-content\/uploads\/cemab.png\",\"width\":250,\"height\":60,\"caption\":\"Cemab srl\"},\"image\":{\"@id\":\"https:\/\/cemab.com\/fr\/#\/schema\/logo\/image\/\"},\"sameAs\":[\"https:\/\/www.facebook.com\/cemab.srl\/\",\"https:\/\/x.com\/cemabsrl\",\"https:\/\/www.instagram.com\/cemabsrl\/\",\"https:\/\/it.pinterest.com\/cemabsrl\/\",\"https:\/\/www.youtube.com\/user\/00Cemab00\"]}]}<\/script>\n<!-- \/ Yoast SEO plugin. -->","yoast_head_json":{"title":"Pr\u00e9sentoir de sol en bois de bouleau pour jus bio, avec \u00e9tag\u00e8res. Personnalisable avec votre logo et les couleurs de votre choix","description":"Pr\u00e9sentoir de sol en bois de bouleau pour jus bio, avec \u00e9tag\u00e8res. Personnalisable avec votre logo et les couleurs de votre choix","robots":{"index":"index","follow":"follow","max-snippet":"max-snippet:-1","max-image-preview":"max-image-preview:large","max-video-preview":"max-video-preview:-1"},"canonical":"https:\/\/cemab.com\/fr\/catalogue\/presentoirs-de-sol\/aldo\/","og_locale":"fr_FR","og_type":"article","og_title":"Pr\u00e9sentoir de sol en bois de bouleau pour jus bio, avec \u00e9tag\u00e8res. Personnalisable avec votre logo et les couleurs de votre choix","og_description":"Pr\u00e9sentoir de sol en bois de bouleau pour jus bio, avec \u00e9tag\u00e8res. Personnalisable avec votre logo et les couleurs de votre choix","og_url":"https:\/\/cemab.com\/fr\/catalogue\/presentoirs-de-sol\/aldo\/","og_site_name":"Cemab srl - Espositori in legno ad incastro","article_publisher":"https:\/\/www.facebook.com\/cemab.srl\/","article_modified_time":"2025-09-15T10:04:47+00:00","og_image":[{"width":1140,"height":1280,"url":"https:\/\/cemab.com\/2016\/wp-content\/uploads\/espositore-succhi-bio-1.jpg","type":"image\/jpeg"}],"twitter_card":"summary_large_image","twitter_site":"@cemabsrl","twitter_misc":{"Est. reading time":"2 minutes"},"schema":{"@context":"https:\/\/schema.org","@graph":[{"@type":"WebPage","@id":"https:\/\/cemab.com\/fr\/catalogue\/presentoirs-de-sol\/aldo\/","url":"https:\/\/cemab.com\/fr\/catalogue\/presentoirs-de-sol\/aldo\/","name":"Pr\u00e9sentoir de sol en bois de bouleau pour jus bio, avec \u00e9tag\u00e8res. Personnalisable avec votre logo et les couleurs de votre choix","isPartOf":{"@id":"https:\/\/cemab.com\/fr\/#website"},"primaryImageOfPage":{"@id":"https:\/\/cemab.com\/fr\/catalogue\/presentoirs-de-sol\/aldo\/#primaryimage"},"image":{"@id":"https:\/\/cemab.com\/fr\/catalogue\/presentoirs-de-sol\/aldo\/#primaryimage"},"thumbnailUrl":"https:\/\/cemab.com\/2016\/wp-content\/uploads\/espositore-succhi-bio-1.jpg","datePublished":"2025-09-10T11:33:14+00:00","dateModified":"2025-09-15T10:04:47+00:00","description":"Pr\u00e9sentoir de sol en bois de bouleau pour jus bio, avec \u00e9tag\u00e8res. Personnalisable avec votre logo et les couleurs de votre choix","breadcrumb":{"@id":"https:\/\/cemab.com\/fr\/catalogue\/presentoirs-de-sol\/aldo\/#breadcrumb"},"inLanguage":"fr-FR","potentialAction":[{"@type":"ReadAction","target":["https:\/\/cemab.com\/fr\/catalogue\/presentoirs-de-sol\/aldo\/"]}]},{"@type":"ImageObject","inLanguage":"fr-FR","@id":"https:\/\/cemab.com\/fr\/catalogue\/presentoirs-de-sol\/aldo\/#primaryimage","url":"https:\/\/cemab.com\/2016\/wp-content\/uploads\/espositore-succhi-bio-1.jpg","contentUrl":"https:\/\/cemab.com\/2016\/wp-content\/uploads\/espositore-succhi-bio-1.jpg","width":1140,"height":1280,"caption":"espositore per succhi bio"},{"@type":"BreadcrumbList","@id":"https:\/\/cemab.com\/fr\/catalogue\/presentoirs-de-sol\/aldo\/#breadcrumb","itemListElement":[{"@type":"ListItem","position":1,"name":"Home","item":"https:\/\/cemab.com\/fr\/"},{"@type":"ListItem","position":2,"name":"Catalogo","item":"https:\/\/cemab.com\/catalogo\/"},{"@type":"ListItem","position":3,"name":"Pr\u00e9sentoirs de sol","item":"https:\/\/cemab.com\/fr\/categorie\/presentoirs-de-sol\/"},{"@type":"ListItem","position":4,"name":"Aldo"}]},{"@type":"WebSite","@id":"https:\/\/cemab.com\/fr\/#website","url":"https:\/\/cemab.com\/fr\/","name":"Cemab srl - Espositori in legno ad incastro","description":"espositori in legno ad incastro :: wooden display in kit :: holz display :: pr\u00e9sentoirs en bois :: expositores de madera","publisher":{"@id":"https:\/\/cemab.com\/fr\/#organization"},"potentialAction":[{"@type":"SearchAction","target":{"@type":"EntryPoint","urlTemplate":"https:\/\/cemab.com\/fr\/?s={search_term_string}"},"query-input":{"@type":"PropertyValueSpecification","valueRequired":true,"valueName":"search_term_string"}}],"inLanguage":"fr-FR"},{"@type":"Organization","@id":"https:\/\/cemab.com\/fr\/#organization","name":"Cemab srl","url":"https:\/\/cemab.com\/fr\/","logo":{"@type":"ImageObject","inLanguage":"fr-FR","@id":"https:\/\/cemab.com\/fr\/#\/schema\/logo\/image\/","url":"https:\/\/cemab.com\/2016\/wp-content\/uploads\/cemab.png","contentUrl":"https:\/\/cemab.com\/2016\/wp-content\/uploads\/cemab.png","width":250,"height":60,"caption":"Cemab srl"},"image":{"@id":"https:\/\/cemab.com\/fr\/#\/schema\/logo\/image\/"},"sameAs":["https:\/\/www.facebook.com\/cemab.srl\/","https:\/\/x.com\/cemabsrl","https:\/\/www.instagram.com\/cemabsrl\/","https:\/\/it.pinterest.com\/cemabsrl\/","https:\/\/www.youtube.com\/user\/00Cemab00"]}]}},"_links":{"self":[{"href":"https:\/\/cemab.com\/fr\/wp-json\/wp\/v2\/product\/25777","targetHints":{"allow":["GET"]}}],"collection":[{"href":"https:\/\/cemab.com\/fr\/wp-json\/wp\/v2\/product"}],"about":[{"href":"https:\/\/cemab.com\/fr\/wp-json\/wp\/v2\/types\/product"}],"wp:featuredmedia":[{"embeddable":true,"href":"https:\/\/cemab.com\/fr\/wp-json\/wp\/v2\/media\/11798"}],"wp:attachment":[{"href":"https:\/\/cemab.com\/fr\/wp-json\/wp\/v2\/media?parent=25777"}],"wp:term":[{"taxonomy":"product_brand","embeddable":true,"href":"https:\/\/cemab.com\/fr\/wp-json\/wp\/v2\/product_brand?post=25777"},{"taxonomy":"product_cat","embeddable":true,"href":"https:\/\/cemab.com\/fr\/wp-json\/wp\/v2\/product_cat?post=25777"},{"taxonomy":"product_tag","embeddable":true,"href":"https:\/\/cemab.com\/fr\/wp-json\/wp\/v2\/product_tag?post=25777"}],"curies":[{"name":"wp","href":"https:\/\/api.w.org\/{rel}","templated":true}]}}