{"id":25290,"date":"2016-10-25T09:35:58","date_gmt":"2016-10-25T07:35:58","guid":{"rendered":"https:\/\/cemab.com\/?post_type=product&#038;p=25290"},"modified":"2025-02-21T19:52:24","modified_gmt":"2025-02-21T18:52:24","slug":"firenze-3-piani","status":"publish","type":"product","link":"https:\/\/cemab.com\/fr\/catalogue\/presentoirs-de-comptoir\/firenze-3-piani\/","title":{"rendered":"Firenze 3 \u00e9tages"},"content":{"rendered":"<p data-start=\"62\" data-end=\"158\"><strong data-start=\"62\" data-end=\"158\">Pr\u00e9sentoir de comptoir Firenze 3 \u00e9tages, personnalisable avec graphique et couleur au choix.<\/strong><\/p>\n<p data-start=\"160\" data-end=\"557\">Le pr\u00e9sentoir de comptoir Firenze 3 \u00e9tages est id\u00e9al pour promouvoir des produits de petite taille tels que des articles cadeaux, de beaut\u00e9, des gadgets, de l&#8217;\u00e9lectronique et bien plus encore. Les pr\u00e9sentoirs de comptoir sont particuli\u00e8rement efficaces dans les points de vente et les supermarch\u00e9s, les stands promotionnels, les r\u00e9ceptions et les bureaux, ainsi que lors d&#8217;\u00e9v\u00e9nements et de salons.<\/p>\n<p data-start=\"559\" data-end=\"997\">Vous pouvez rendre chaque pr\u00e9sentoir unique en choisissant l&#8217;impression de votre logo, les couleurs et la finition brillante, ou demander un pr\u00e9sentoir compl\u00e8tement personnalis\u00e9 en forme et en dimensions. Nos pr\u00e9sentoirs sont fabriqu\u00e9s en bois, avec la technique d&#8217;assemblage sans outils pour un montage rapide. Chaque pr\u00e9sentoir est exp\u00e9di\u00e9 d\u00e9mont\u00e9 avec des instructions faciles et emball\u00e9 individuellement, pour un transport \u00e9conomique.<\/p>\n<p data-start=\"999\" data-end=\"1399\">Parcourez le catalogue pour trouver des pr\u00e9sentoirs de comptoir avec crochets, \u00e9tag\u00e8res ou tours. Si vous \u00eates \u00e0 la recherche d&#8217;autres opportunit\u00e9s int\u00e9ressantes, visitez \u00e9galement la section Pr\u00e9sentoirs de sol, o\u00f9 vous trouverez les nouveaux mod\u00e8les de la ligne standard en stock, \u00e0 des prix r\u00e9duits ! Demandez un devis d\u00e8s maintenant et profitez des offres et r\u00e9ductions pour les grandes quantit\u00e9s.<\/p>\n","protected":false},"excerpt":{"rendered":"<div class=\"sizeprod\" style=\"text-align: center; font-size: 1.1em !important;\">L 44 x P 20 x H 65 cm<\/div>\n<div class=\"shortdesc-prezzo\"><strong>Prezzo di offerta:<\/strong><br \/>\n<span class=\"prezzi-offerta\">da \u20ac 80,00 a \u20ac 16<\/span><\/p>\n<p class=\"note-prezzo\">prezzo dell&#8217;offerta in virt\u00f9 dei quantitativi richiesti, disponibilit\u00e0 a magazzino e ordini in corso.<\/p>\n<\/div>\n<div class=\"shortdesc\"><strong data-start=\"50\" data-end=\"75\">Dimensions internes :<\/strong><br data-start=\"75\" data-end=\"78\" \/>Hauteur : 65 cm<br data-start=\"93\" data-end=\"96\" data-is-only-node=\"\" \/>Largeur : 44 cm<br data-start=\"111\" data-end=\"114\" \/>Profondeur : 20 cm<br data-start=\"132\" data-end=\"135\" \/>Espacement entre les \u00e9tag\u00e8res : 16 cm<\/div>\n<div class=\"shortdesc\"><strong>Pour demander les prix et d\u00e9couvrir comment personnaliser les dimensions, les \u00e9tag\u00e8res, les couleurs et les logos, envoyez un email ou appelez-nous :<\/strong><\/div>\n<div class=\"callus\">\n<p class=\"productInformation prodInfoSub\"><a href=\"tel:800-148764\"><img decoding=\"async\" class=\"alignnone size-full wp-image-6096\" src=\"https:\/\/cemab.com\/2016\/wp-content\/uploads\/chiamaci.jpg\" alt=\"chiamaci\" width=\"150\" height=\"56\" \/><\/a><\/p>\n<\/div>\n<div class=\"callus\">\n<p class=\"productInformation prodInfoSub\">\n<\/div>\n","protected":false},"featured_media":25291,"template":"","meta":{"_acf_changed":false,"om_disable_all_campaigns":false},"product_brand":[],"product_cat":[334],"product_tag":[355,363],"class_list":{"0":"post-25290","1":"product","2":"type-product","3":"status-publish","4":"has-post-thumbnail","6":"product_cat-presentoirs-de-comptoir","7":"product_tag-personalisables-fr","8":"product_tag-pharmacies","10":"first","11":"instock","12":"shipping-taxable","13":"product-type-simple"},"acf":[],"yoast_head":"<!-- This site is optimized with the Yoast SEO plugin v26.8 - https:\/\/yoast.com\/product\/yoast-seo-wordpress\/ -->\n<title>Firenze 3 \u00e9tages - Cemab srl - Espositori in legno ad incastro<\/title>\n<meta name=\"robots\" content=\"index, follow, max-snippet:-1, max-image-preview:large, max-video-preview:-1\" \/>\n<link rel=\"canonical\" href=\"https:\/\/cemab.com\/fr\/catalogue\/presentoirs-de-comptoir\/firenze-3-piani\/\" \/>\n<meta property=\"og:locale\" content=\"fr_FR\" \/>\n<meta property=\"og:type\" content=\"article\" \/>\n<meta property=\"og:title\" content=\"Firenze 3 \u00e9tages - Cemab srl - Espositori in legno ad incastro\" \/>\n<meta property=\"og:description\" content=\"L 44 x P 20 x H 65 cm Prezzo di offerta: da \u20ac 80,00 a \u20ac 16 prezzo dell&#039;offerta in virt\u00f9 dei quantitativi richiesti, disponibilit\u00e0 a magazzino e ordini in corso.   Dimensions internes :Hauteur : 65 cmLargeur : 44 cmProfondeur : 20 cmEspacement entre les \u00e9tag\u00e8res : 16 cm Pour demander les prix et d\u00e9couvrir comment personnaliser les dimensions, les \u00e9tag\u00e8res, les couleurs et les logos, envoyez un email ou appelez-nous :\" \/>\n<meta property=\"og:url\" content=\"https:\/\/cemab.com\/fr\/catalogue\/presentoirs-de-comptoir\/firenze-3-piani\/\" \/>\n<meta property=\"og:site_name\" content=\"Cemab srl - Espositori in legno ad incastro\" \/>\n<meta property=\"article:publisher\" content=\"https:\/\/www.facebook.com\/cemab.srl\/\" \/>\n<meta property=\"article:modified_time\" content=\"2025-02-21T18:52:24+00:00\" \/>\n<meta property=\"og:image\" content=\"https:\/\/cemab.com\/2016\/wp-content\/uploads\/espositore-firenze-3p-1.jpg\" \/>\n\t<meta property=\"og:image:width\" content=\"1140\" \/>\n\t<meta property=\"og:image:height\" content=\"1280\" \/>\n\t<meta property=\"og:image:type\" content=\"image\/jpeg\" \/>\n<meta name=\"twitter:card\" content=\"summary_large_image\" \/>\n<meta name=\"twitter:site\" content=\"@cemabsrl\" \/>\n<meta name=\"twitter:label1\" content=\"Est. reading time\" \/>\n\t<meta name=\"twitter:data1\" content=\"2 minutes\" \/>\n<script type=\"application\/ld+json\" class=\"yoast-schema-graph\">{\"@context\":\"https:\/\/schema.org\",\"@graph\":[{\"@type\":\"WebPage\",\"@id\":\"https:\/\/cemab.com\/fr\/catalogue\/presentoirs-de-comptoir\/firenze-3-piani\/\",\"url\":\"https:\/\/cemab.com\/fr\/catalogue\/presentoirs-de-comptoir\/firenze-3-piani\/\",\"name\":\"Firenze 3 \u00e9tages - Cemab srl - Espositori in legno ad incastro\",\"isPartOf\":{\"@id\":\"https:\/\/cemab.com\/fr\/#website\"},\"primaryImageOfPage\":{\"@id\":\"https:\/\/cemab.com\/fr\/catalogue\/presentoirs-de-comptoir\/firenze-3-piani\/#primaryimage\"},\"image\":{\"@id\":\"https:\/\/cemab.com\/fr\/catalogue\/presentoirs-de-comptoir\/firenze-3-piani\/#primaryimage\"},\"thumbnailUrl\":\"https:\/\/cemab.com\/2016\/wp-content\/uploads\/espositore-firenze-3p-1.jpg\",\"datePublished\":\"2016-10-25T07:35:58+00:00\",\"dateModified\":\"2025-02-21T18:52:24+00:00\",\"breadcrumb\":{\"@id\":\"https:\/\/cemab.com\/fr\/catalogue\/presentoirs-de-comptoir\/firenze-3-piani\/#breadcrumb\"},\"inLanguage\":\"fr-FR\",\"potentialAction\":[{\"@type\":\"ReadAction\",\"target\":[\"https:\/\/cemab.com\/fr\/catalogue\/presentoirs-de-comptoir\/firenze-3-piani\/\"]}]},{\"@type\":\"ImageObject\",\"inLanguage\":\"fr-FR\",\"@id\":\"https:\/\/cemab.com\/fr\/catalogue\/presentoirs-de-comptoir\/firenze-3-piani\/#primaryimage\",\"url\":\"https:\/\/cemab.com\/2016\/wp-content\/uploads\/espositore-firenze-3p-1.jpg\",\"contentUrl\":\"https:\/\/cemab.com\/2016\/wp-content\/uploads\/espositore-firenze-3p-1.jpg\",\"width\":1140,\"height\":1280},{\"@type\":\"BreadcrumbList\",\"@id\":\"https:\/\/cemab.com\/fr\/catalogue\/presentoirs-de-comptoir\/firenze-3-piani\/#breadcrumb\",\"itemListElement\":[{\"@type\":\"ListItem\",\"position\":1,\"name\":\"Home\",\"item\":\"https:\/\/cemab.com\/fr\/\"},{\"@type\":\"ListItem\",\"position\":2,\"name\":\"Catalogo\",\"item\":\"https:\/\/cemab.com\/catalogo\/\"},{\"@type\":\"ListItem\",\"position\":3,\"name\":\"Pr\u00e9sentoirs de comptoir\",\"item\":\"https:\/\/cemab.com\/fr\/categorie\/presentoirs-de-comptoir\/\"},{\"@type\":\"ListItem\",\"position\":4,\"name\":\"Firenze 3 \u00e9tages\"}]},{\"@type\":\"WebSite\",\"@id\":\"https:\/\/cemab.com\/fr\/#website\",\"url\":\"https:\/\/cemab.com\/fr\/\",\"name\":\"Cemab srl - Espositori in legno ad incastro\",\"description\":\"espositori in legno ad incastro :: wooden display in kit :: holz display :: pr\u00e9sentoirs en bois :: expositores de madera\",\"publisher\":{\"@id\":\"https:\/\/cemab.com\/fr\/#organization\"},\"potentialAction\":[{\"@type\":\"SearchAction\",\"target\":{\"@type\":\"EntryPoint\",\"urlTemplate\":\"https:\/\/cemab.com\/fr\/?s={search_term_string}\"},\"query-input\":{\"@type\":\"PropertyValueSpecification\",\"valueRequired\":true,\"valueName\":\"search_term_string\"}}],\"inLanguage\":\"fr-FR\"},{\"@type\":\"Organization\",\"@id\":\"https:\/\/cemab.com\/fr\/#organization\",\"name\":\"Cemab srl\",\"url\":\"https:\/\/cemab.com\/fr\/\",\"logo\":{\"@type\":\"ImageObject\",\"inLanguage\":\"fr-FR\",\"@id\":\"https:\/\/cemab.com\/fr\/#\/schema\/logo\/image\/\",\"url\":\"https:\/\/cemab.com\/2016\/wp-content\/uploads\/cemab.png\",\"contentUrl\":\"https:\/\/cemab.com\/2016\/wp-content\/uploads\/cemab.png\",\"width\":250,\"height\":60,\"caption\":\"Cemab srl\"},\"image\":{\"@id\":\"https:\/\/cemab.com\/fr\/#\/schema\/logo\/image\/\"},\"sameAs\":[\"https:\/\/www.facebook.com\/cemab.srl\/\",\"https:\/\/x.com\/cemabsrl\",\"https:\/\/www.instagram.com\/cemabsrl\/\",\"https:\/\/it.pinterest.com\/cemabsrl\/\",\"https:\/\/www.youtube.com\/user\/00Cemab00\"]}]}<\/script>\n<!-- \/ Yoast SEO plugin. -->","yoast_head_json":{"title":"Firenze 3 \u00e9tages - Cemab srl - Espositori in legno ad incastro","robots":{"index":"index","follow":"follow","max-snippet":"max-snippet:-1","max-image-preview":"max-image-preview:large","max-video-preview":"max-video-preview:-1"},"canonical":"https:\/\/cemab.com\/fr\/catalogue\/presentoirs-de-comptoir\/firenze-3-piani\/","og_locale":"fr_FR","og_type":"article","og_title":"Firenze 3 \u00e9tages - Cemab srl - Espositori in legno ad incastro","og_description":"L 44 x P 20 x H 65 cm Prezzo di offerta: da \u20ac 80,00 a \u20ac 16 prezzo dell'offerta in virt\u00f9 dei quantitativi richiesti, disponibilit\u00e0 a magazzino e ordini in corso.   Dimensions internes :Hauteur : 65 cmLargeur : 44 cmProfondeur : 20 cmEspacement entre les \u00e9tag\u00e8res : 16 cm Pour demander les prix et d\u00e9couvrir comment personnaliser les dimensions, les \u00e9tag\u00e8res, les couleurs et les logos, envoyez un email ou appelez-nous :","og_url":"https:\/\/cemab.com\/fr\/catalogue\/presentoirs-de-comptoir\/firenze-3-piani\/","og_site_name":"Cemab srl - Espositori in legno ad incastro","article_publisher":"https:\/\/www.facebook.com\/cemab.srl\/","article_modified_time":"2025-02-21T18:52:24+00:00","og_image":[{"width":1140,"height":1280,"url":"https:\/\/cemab.com\/2016\/wp-content\/uploads\/espositore-firenze-3p-1.jpg","type":"image\/jpeg"}],"twitter_card":"summary_large_image","twitter_site":"@cemabsrl","twitter_misc":{"Est. reading time":"2 minutes"},"schema":{"@context":"https:\/\/schema.org","@graph":[{"@type":"WebPage","@id":"https:\/\/cemab.com\/fr\/catalogue\/presentoirs-de-comptoir\/firenze-3-piani\/","url":"https:\/\/cemab.com\/fr\/catalogue\/presentoirs-de-comptoir\/firenze-3-piani\/","name":"Firenze 3 \u00e9tages - Cemab srl - Espositori in legno ad incastro","isPartOf":{"@id":"https:\/\/cemab.com\/fr\/#website"},"primaryImageOfPage":{"@id":"https:\/\/cemab.com\/fr\/catalogue\/presentoirs-de-comptoir\/firenze-3-piani\/#primaryimage"},"image":{"@id":"https:\/\/cemab.com\/fr\/catalogue\/presentoirs-de-comptoir\/firenze-3-piani\/#primaryimage"},"thumbnailUrl":"https:\/\/cemab.com\/2016\/wp-content\/uploads\/espositore-firenze-3p-1.jpg","datePublished":"2016-10-25T07:35:58+00:00","dateModified":"2025-02-21T18:52:24+00:00","breadcrumb":{"@id":"https:\/\/cemab.com\/fr\/catalogue\/presentoirs-de-comptoir\/firenze-3-piani\/#breadcrumb"},"inLanguage":"fr-FR","potentialAction":[{"@type":"ReadAction","target":["https:\/\/cemab.com\/fr\/catalogue\/presentoirs-de-comptoir\/firenze-3-piani\/"]}]},{"@type":"ImageObject","inLanguage":"fr-FR","@id":"https:\/\/cemab.com\/fr\/catalogue\/presentoirs-de-comptoir\/firenze-3-piani\/#primaryimage","url":"https:\/\/cemab.com\/2016\/wp-content\/uploads\/espositore-firenze-3p-1.jpg","contentUrl":"https:\/\/cemab.com\/2016\/wp-content\/uploads\/espositore-firenze-3p-1.jpg","width":1140,"height":1280},{"@type":"BreadcrumbList","@id":"https:\/\/cemab.com\/fr\/catalogue\/presentoirs-de-comptoir\/firenze-3-piani\/#breadcrumb","itemListElement":[{"@type":"ListItem","position":1,"name":"Home","item":"https:\/\/cemab.com\/fr\/"},{"@type":"ListItem","position":2,"name":"Catalogo","item":"https:\/\/cemab.com\/catalogo\/"},{"@type":"ListItem","position":3,"name":"Pr\u00e9sentoirs de comptoir","item":"https:\/\/cemab.com\/fr\/categorie\/presentoirs-de-comptoir\/"},{"@type":"ListItem","position":4,"name":"Firenze 3 \u00e9tages"}]},{"@type":"WebSite","@id":"https:\/\/cemab.com\/fr\/#website","url":"https:\/\/cemab.com\/fr\/","name":"Cemab srl - Espositori in legno ad incastro","description":"espositori in legno ad incastro :: wooden display in kit :: holz display :: pr\u00e9sentoirs en bois :: expositores de madera","publisher":{"@id":"https:\/\/cemab.com\/fr\/#organization"},"potentialAction":[{"@type":"SearchAction","target":{"@type":"EntryPoint","urlTemplate":"https:\/\/cemab.com\/fr\/?s={search_term_string}"},"query-input":{"@type":"PropertyValueSpecification","valueRequired":true,"valueName":"search_term_string"}}],"inLanguage":"fr-FR"},{"@type":"Organization","@id":"https:\/\/cemab.com\/fr\/#organization","name":"Cemab srl","url":"https:\/\/cemab.com\/fr\/","logo":{"@type":"ImageObject","inLanguage":"fr-FR","@id":"https:\/\/cemab.com\/fr\/#\/schema\/logo\/image\/","url":"https:\/\/cemab.com\/2016\/wp-content\/uploads\/cemab.png","contentUrl":"https:\/\/cemab.com\/2016\/wp-content\/uploads\/cemab.png","width":250,"height":60,"caption":"Cemab srl"},"image":{"@id":"https:\/\/cemab.com\/fr\/#\/schema\/logo\/image\/"},"sameAs":["https:\/\/www.facebook.com\/cemab.srl\/","https:\/\/x.com\/cemabsrl","https:\/\/www.instagram.com\/cemabsrl\/","https:\/\/it.pinterest.com\/cemabsrl\/","https:\/\/www.youtube.com\/user\/00Cemab00"]}]}},"_links":{"self":[{"href":"https:\/\/cemab.com\/fr\/wp-json\/wp\/v2\/product\/25290","targetHints":{"allow":["GET"]}}],"collection":[{"href":"https:\/\/cemab.com\/fr\/wp-json\/wp\/v2\/product"}],"about":[{"href":"https:\/\/cemab.com\/fr\/wp-json\/wp\/v2\/types\/product"}],"wp:featuredmedia":[{"embeddable":true,"href":"https:\/\/cemab.com\/fr\/wp-json\/wp\/v2\/media\/25291"}],"wp:attachment":[{"href":"https:\/\/cemab.com\/fr\/wp-json\/wp\/v2\/media?parent=25290"}],"wp:term":[{"taxonomy":"product_brand","embeddable":true,"href":"https:\/\/cemab.com\/fr\/wp-json\/wp\/v2\/product_brand?post=25290"},{"taxonomy":"product_cat","embeddable":true,"href":"https:\/\/cemab.com\/fr\/wp-json\/wp\/v2\/product_cat?post=25290"},{"taxonomy":"product_tag","embeddable":true,"href":"https:\/\/cemab.com\/fr\/wp-json\/wp\/v2\/product_tag?post=25290"}],"curies":[{"name":"wp","href":"https:\/\/api.w.org\/{rel}","templated":true}]}}