{"id":25071,"date":"2016-10-11T10:27:54","date_gmt":"2016-10-11T08:27:54","guid":{"rendered":"https:\/\/cemab.com\/?post_type=product&#038;p=25071"},"modified":"2025-09-28T23:30:58","modified_gmt":"2025-09-28T21:30:58","slug":"adele","status":"publish","type":"product","link":"https:\/\/cemab.com\/fr\/catalogue\/presentoirs-de-sol\/adele\/","title":{"rendered":"Adele"},"content":{"rendered":"<h3><b>Le pr\u00e9sentoir porte-blister pivotant de sol Adele, double face, avec crochets*, est enti\u00e8rement personnalisable, avec des graphiques et des couleurs \u00e0 choisir selon vos pr\u00e9f\u00e9rences.<\/b><\/h3>\n<p>Ce mod\u00e8le est id\u00e9al pour mettre en valeur vos produits dans des lieux tels que les magasins, supermarch\u00e9s, stands promotionnels, \u00e9v\u00e9nements et salons. Fabriqu\u00e9 en bois, il est con\u00e7u pour \u00eatre robuste et facile \u00e0 assembler gr\u00e2ce \u00e0 un syst\u00e8me d\u2019embo\u00eetement, sans n\u00e9cessiter d\u2019outils. Une fois mont\u00e9, il peut \u00eatre facilement d\u00e9plac\u00e9 gr\u00e2ce \u00e0 ses roulettes. Les pr\u00e9sentoirs sont livr\u00e9s d\u00e9mont\u00e9s, avec des instructions claires pour un montage rapide et sont soigneusement emball\u00e9s pour un transport \u00e9conomique.<\/p>\n<p>Personnalisez chaque pr\u00e9sentoir en choisissant votre logo, vos couleurs et une finition finition matte ou laqu\u00e9e. Vous pouvez \u00e9galement opter pour un mod\u00e8le sur mesure, en fonction de la forme et des dimensions souhait\u00e9es.<\/p>\n<p>Parcourez notre catalogue pour d\u00e9couvrir d\u2019autres mod\u00e8les de pr\u00e9sentoirs de sol avec crochets, \u00e9tag\u00e8res, double face, ainsi que des pr\u00e9sentoirs th\u00e9matiques pour \u00e9v\u00e9nements et f\u00eates. N\u2019oubliez pas de consulter aussi la section \u201c<a href=\"https:\/\/cemab.com\/fr\/categorie\/presentoirs-de-comptoir\/\">pr\u00e9sentoirs de comptoir<\/a>\u201d pour des solutions int\u00e9ressantes et personnalisables \u00e0 des prix avantageux.<\/p>\n<p>Demandez d\u00e8s maintenant un devis et b\u00e9n\u00e9ficiez d\u2019offres sp\u00e9ciales pour les grandes quantit\u00e9s !<\/p>\n<p>N.B. : Les crochets et les roues sont vendus s\u00e9par\u00e9ment.<\/p>\n<p>&nbsp;<\/p>\n<p>&nbsp;<\/p>\n<div id=\"productInfoContainer\" class=\"productInfoContainer\">\n<p id=\"cbftssection\" class=\"productInformation prodInfoSub keyFeaturesMargin\"><strong>Caratteristiche principali<\/strong><br \/>\n&#8211; Il prodotto viene spedito smontato con facili istruzioni.<br \/>\n&#8211; Materiale: Multistrato di betulla.<br \/>\n&#8211; Teme l&#8217;acqua.<\/p>\n<div id=\"dessection\" class=\"productInformation prodInfoSub\">\n<hr \/>\n<\/div>\n<div class=\"tabella\">\n<div class=\"riga\">\n<div class=\"colonna\">\n<p class=\"productInformation prodInfoSub\"><strong>Misure e peso della confezione<\/strong><br \/>\nLarghezza: 40 cm<br \/>\nLunghezza: 150 cm<br \/>\nAltezza: 10 cm<br \/>\nPeso minimo: 12 kg<\/p>\n<p>Le produit doit \u00eatre mont\u00e9<\/p>\n<\/div>\n<div class=\"colonna\"><img decoding=\"async\" class=\"size-full wp-image-5567\" src=\"https:\/\/cemab.com\/2016\/wp-content\/uploads\/flatpack.jpg\" alt=\"Flatpack\" width=\"191\" height=\"200\" srcset=\"https:\/\/cemab.com\/2016\/wp-content\/uploads\/flatpack.jpg 191w, https:\/\/cemab.com\/2016\/wp-content\/uploads\/flatpack-64x67.jpg 64w\" sizes=\"(max-width: 191px) 100vw, 191px\" \/><\/div>\n<\/div>\n<\/div>\n<div id=\"packageInfo\">\n<div class=\"texts Wdth\">\n<hr \/>\n<\/div>\n<p class=\"texts Wdth\"><b>Entretien<\/b><br \/>\nNettoyez avec un chiffon doux et sec.<\/p>\n<\/div>\n<\/div>\n<div id=\"productInfoContainer1\" class=\"productInfoContainer productInformationContainerBox\">\n<div id=\"careInstructionsPart\" class=\" prodInfoDis prodInfoSub\">\n<div class=\"texts Wdth\">\n<hr \/>\n<\/div>\n<\/div>\n<\/div>\n","protected":false},"excerpt":{"rendered":"<div class=\"sizeprod\" style=\"text-align: center; font-size: 1.1em !important;\">L 57 x P 62 x H 180 cm<\/div>\n<div class=\"shortdesc-prezzo\"><\/div>\n<div class=\"shortdesc\">Pr\u00e9sentoir porte-blister de sol en bois, pivotant, personnalisable, avec \u00e9tag\u00e8res et couleur au choix<\/div>\n<div class=\"shortdesc\"><strong>Dimensions internes :<\/strong><br \/>\nHauteur: 180 cm<br \/>\nLargeur : 57 cm<br \/>\nProfondeur : 62 cm<br \/>\nEspacement entre \u00e9tag\u00e8res: 15 cm<br \/>\nCharge maximale par crochet: 2 kg<\/div>\n<div class=\"shortdesc\"><strong><b>Pour conna\u00eetre les prix et d\u00e9couvrir comment personnaliser les dimensions, les \u00e9tag\u00e8res, les couleurs et les logos, contactez-nous :<\/b><\/strong><\/div>\n","protected":false},"featured_media":25073,"template":"","meta":{"_acf_changed":false,"om_disable_all_campaigns":false},"product_brand":[],"product_cat":[333],"product_tag":[355],"class_list":{"0":"post-25071","1":"product","2":"type-product","3":"status-publish","4":"has-post-thumbnail","6":"product_cat-presentoirs-de-sol","7":"product_tag-personalisables-fr","9":"first","10":"instock","11":"shipping-taxable","12":"product-type-simple"},"acf":[],"yoast_head":"<!-- This site is optimized with the Yoast SEO plugin v26.8 - https:\/\/yoast.com\/product\/yoast-seo-wordpress\/ -->\n<title>Le pr\u00e9sentoir porte-blister pivotant de sol, double face - CEMAB srl<\/title>\n<meta name=\"description\" content=\"Ce mod\u00e8le est id\u00e9al pour mettre en valeur vos produits dans des lieux tels que les magasins, supermarch\u00e9s, stands promotionnels, \u00e9v\u00e9nements et salons\" \/>\n<meta name=\"robots\" content=\"index, follow, max-snippet:-1, max-image-preview:large, max-video-preview:-1\" \/>\n<link rel=\"canonical\" href=\"https:\/\/cemab.com\/fr\/catalogue\/presentoirs-de-sol\/adele\/\" \/>\n<meta property=\"og:locale\" content=\"fr_FR\" \/>\n<meta property=\"og:type\" content=\"article\" \/>\n<meta property=\"og:title\" content=\"Le pr\u00e9sentoir porte-blister pivotant de sol, double face - CEMAB srl\" \/>\n<meta property=\"og:description\" content=\"Ce mod\u00e8le est id\u00e9al pour mettre en valeur vos produits dans des lieux tels que les magasins, supermarch\u00e9s, stands promotionnels, \u00e9v\u00e9nements et salons\" \/>\n<meta property=\"og:url\" content=\"https:\/\/cemab.com\/fr\/catalogue\/presentoirs-de-sol\/adele\/\" \/>\n<meta property=\"og:site_name\" content=\"Cemab srl - Espositori in legno ad incastro\" \/>\n<meta property=\"article:publisher\" content=\"https:\/\/www.facebook.com\/cemab.srl\/\" \/>\n<meta property=\"article:modified_time\" content=\"2025-09-28T21:30:58+00:00\" \/>\n<meta property=\"og:image\" content=\"https:\/\/cemab.com\/2016\/wp-content\/uploads\/espositore-porta-blister-1.jpg\" \/>\n\t<meta property=\"og:image:width\" content=\"1140\" \/>\n\t<meta property=\"og:image:height\" content=\"1280\" \/>\n\t<meta property=\"og:image:type\" content=\"image\/jpeg\" \/>\n<meta name=\"twitter:card\" content=\"summary_large_image\" \/>\n<meta name=\"twitter:site\" content=\"@cemabsrl\" \/>\n<meta name=\"twitter:label1\" content=\"Est. reading time\" \/>\n\t<meta name=\"twitter:data1\" content=\"2 minutes\" \/>\n<script type=\"application\/ld+json\" class=\"yoast-schema-graph\">{\"@context\":\"https:\/\/schema.org\",\"@graph\":[{\"@type\":\"WebPage\",\"@id\":\"https:\/\/cemab.com\/fr\/catalogue\/presentoirs-de-sol\/adele\/\",\"url\":\"https:\/\/cemab.com\/fr\/catalogue\/presentoirs-de-sol\/adele\/\",\"name\":\"Le pr\u00e9sentoir porte-blister pivotant de sol, double face - CEMAB srl\",\"isPartOf\":{\"@id\":\"https:\/\/cemab.com\/fr\/#website\"},\"primaryImageOfPage\":{\"@id\":\"https:\/\/cemab.com\/fr\/catalogue\/presentoirs-de-sol\/adele\/#primaryimage\"},\"image\":{\"@id\":\"https:\/\/cemab.com\/fr\/catalogue\/presentoirs-de-sol\/adele\/#primaryimage\"},\"thumbnailUrl\":\"https:\/\/cemab.com\/2016\/wp-content\/uploads\/espositore-porta-blister-1.jpg\",\"datePublished\":\"2016-10-11T08:27:54+00:00\",\"dateModified\":\"2025-09-28T21:30:58+00:00\",\"description\":\"Ce mod\u00e8le est id\u00e9al pour mettre en valeur vos produits dans des lieux tels que les magasins, supermarch\u00e9s, stands promotionnels, \u00e9v\u00e9nements et salons\",\"breadcrumb\":{\"@id\":\"https:\/\/cemab.com\/fr\/catalogue\/presentoirs-de-sol\/adele\/#breadcrumb\"},\"inLanguage\":\"fr-FR\",\"potentialAction\":[{\"@type\":\"ReadAction\",\"target\":[\"https:\/\/cemab.com\/fr\/catalogue\/presentoirs-de-sol\/adele\/\"]}]},{\"@type\":\"ImageObject\",\"inLanguage\":\"fr-FR\",\"@id\":\"https:\/\/cemab.com\/fr\/catalogue\/presentoirs-de-sol\/adele\/#primaryimage\",\"url\":\"https:\/\/cemab.com\/2016\/wp-content\/uploads\/espositore-porta-blister-1.jpg\",\"contentUrl\":\"https:\/\/cemab.com\/2016\/wp-content\/uploads\/espositore-porta-blister-1.jpg\",\"width\":1140,\"height\":1280},{\"@type\":\"BreadcrumbList\",\"@id\":\"https:\/\/cemab.com\/fr\/catalogue\/presentoirs-de-sol\/adele\/#breadcrumb\",\"itemListElement\":[{\"@type\":\"ListItem\",\"position\":1,\"name\":\"Home\",\"item\":\"https:\/\/cemab.com\/fr\/\"},{\"@type\":\"ListItem\",\"position\":2,\"name\":\"Catalogo\",\"item\":\"https:\/\/cemab.com\/catalogo\/\"},{\"@type\":\"ListItem\",\"position\":3,\"name\":\"Pr\u00e9sentoirs de sol\",\"item\":\"https:\/\/cemab.com\/fr\/categorie\/presentoirs-de-sol\/\"},{\"@type\":\"ListItem\",\"position\":4,\"name\":\"Adele\"}]},{\"@type\":\"WebSite\",\"@id\":\"https:\/\/cemab.com\/fr\/#website\",\"url\":\"https:\/\/cemab.com\/fr\/\",\"name\":\"Cemab srl - Espositori in legno ad incastro\",\"description\":\"espositori in legno ad incastro :: wooden display in kit :: holz display :: pr\u00e9sentoirs en bois :: expositores de madera\",\"publisher\":{\"@id\":\"https:\/\/cemab.com\/fr\/#organization\"},\"potentialAction\":[{\"@type\":\"SearchAction\",\"target\":{\"@type\":\"EntryPoint\",\"urlTemplate\":\"https:\/\/cemab.com\/fr\/?s={search_term_string}\"},\"query-input\":{\"@type\":\"PropertyValueSpecification\",\"valueRequired\":true,\"valueName\":\"search_term_string\"}}],\"inLanguage\":\"fr-FR\"},{\"@type\":\"Organization\",\"@id\":\"https:\/\/cemab.com\/fr\/#organization\",\"name\":\"Cemab srl\",\"url\":\"https:\/\/cemab.com\/fr\/\",\"logo\":{\"@type\":\"ImageObject\",\"inLanguage\":\"fr-FR\",\"@id\":\"https:\/\/cemab.com\/fr\/#\/schema\/logo\/image\/\",\"url\":\"https:\/\/cemab.com\/2016\/wp-content\/uploads\/cemab.png\",\"contentUrl\":\"https:\/\/cemab.com\/2016\/wp-content\/uploads\/cemab.png\",\"width\":250,\"height\":60,\"caption\":\"Cemab srl\"},\"image\":{\"@id\":\"https:\/\/cemab.com\/fr\/#\/schema\/logo\/image\/\"},\"sameAs\":[\"https:\/\/www.facebook.com\/cemab.srl\/\",\"https:\/\/x.com\/cemabsrl\",\"https:\/\/www.instagram.com\/cemabsrl\/\",\"https:\/\/it.pinterest.com\/cemabsrl\/\",\"https:\/\/www.youtube.com\/user\/00Cemab00\"]}]}<\/script>\n<!-- \/ Yoast SEO plugin. -->","yoast_head_json":{"title":"Le pr\u00e9sentoir porte-blister pivotant de sol, double face - CEMAB srl","description":"Ce mod\u00e8le est id\u00e9al pour mettre en valeur vos produits dans des lieux tels que les magasins, supermarch\u00e9s, stands promotionnels, \u00e9v\u00e9nements et salons","robots":{"index":"index","follow":"follow","max-snippet":"max-snippet:-1","max-image-preview":"max-image-preview:large","max-video-preview":"max-video-preview:-1"},"canonical":"https:\/\/cemab.com\/fr\/catalogue\/presentoirs-de-sol\/adele\/","og_locale":"fr_FR","og_type":"article","og_title":"Le pr\u00e9sentoir porte-blister pivotant de sol, double face - CEMAB srl","og_description":"Ce mod\u00e8le est id\u00e9al pour mettre en valeur vos produits dans des lieux tels que les magasins, supermarch\u00e9s, stands promotionnels, \u00e9v\u00e9nements et salons","og_url":"https:\/\/cemab.com\/fr\/catalogue\/presentoirs-de-sol\/adele\/","og_site_name":"Cemab srl - Espositori in legno ad incastro","article_publisher":"https:\/\/www.facebook.com\/cemab.srl\/","article_modified_time":"2025-09-28T21:30:58+00:00","og_image":[{"width":1140,"height":1280,"url":"https:\/\/cemab.com\/2016\/wp-content\/uploads\/espositore-porta-blister-1.jpg","type":"image\/jpeg"}],"twitter_card":"summary_large_image","twitter_site":"@cemabsrl","twitter_misc":{"Est. reading time":"2 minutes"},"schema":{"@context":"https:\/\/schema.org","@graph":[{"@type":"WebPage","@id":"https:\/\/cemab.com\/fr\/catalogue\/presentoirs-de-sol\/adele\/","url":"https:\/\/cemab.com\/fr\/catalogue\/presentoirs-de-sol\/adele\/","name":"Le pr\u00e9sentoir porte-blister pivotant de sol, double face - CEMAB srl","isPartOf":{"@id":"https:\/\/cemab.com\/fr\/#website"},"primaryImageOfPage":{"@id":"https:\/\/cemab.com\/fr\/catalogue\/presentoirs-de-sol\/adele\/#primaryimage"},"image":{"@id":"https:\/\/cemab.com\/fr\/catalogue\/presentoirs-de-sol\/adele\/#primaryimage"},"thumbnailUrl":"https:\/\/cemab.com\/2016\/wp-content\/uploads\/espositore-porta-blister-1.jpg","datePublished":"2016-10-11T08:27:54+00:00","dateModified":"2025-09-28T21:30:58+00:00","description":"Ce mod\u00e8le est id\u00e9al pour mettre en valeur vos produits dans des lieux tels que les magasins, supermarch\u00e9s, stands promotionnels, \u00e9v\u00e9nements et salons","breadcrumb":{"@id":"https:\/\/cemab.com\/fr\/catalogue\/presentoirs-de-sol\/adele\/#breadcrumb"},"inLanguage":"fr-FR","potentialAction":[{"@type":"ReadAction","target":["https:\/\/cemab.com\/fr\/catalogue\/presentoirs-de-sol\/adele\/"]}]},{"@type":"ImageObject","inLanguage":"fr-FR","@id":"https:\/\/cemab.com\/fr\/catalogue\/presentoirs-de-sol\/adele\/#primaryimage","url":"https:\/\/cemab.com\/2016\/wp-content\/uploads\/espositore-porta-blister-1.jpg","contentUrl":"https:\/\/cemab.com\/2016\/wp-content\/uploads\/espositore-porta-blister-1.jpg","width":1140,"height":1280},{"@type":"BreadcrumbList","@id":"https:\/\/cemab.com\/fr\/catalogue\/presentoirs-de-sol\/adele\/#breadcrumb","itemListElement":[{"@type":"ListItem","position":1,"name":"Home","item":"https:\/\/cemab.com\/fr\/"},{"@type":"ListItem","position":2,"name":"Catalogo","item":"https:\/\/cemab.com\/catalogo\/"},{"@type":"ListItem","position":3,"name":"Pr\u00e9sentoirs de sol","item":"https:\/\/cemab.com\/fr\/categorie\/presentoirs-de-sol\/"},{"@type":"ListItem","position":4,"name":"Adele"}]},{"@type":"WebSite","@id":"https:\/\/cemab.com\/fr\/#website","url":"https:\/\/cemab.com\/fr\/","name":"Cemab srl - Espositori in legno ad incastro","description":"espositori in legno ad incastro :: wooden display in kit :: holz display :: pr\u00e9sentoirs en bois :: expositores de madera","publisher":{"@id":"https:\/\/cemab.com\/fr\/#organization"},"potentialAction":[{"@type":"SearchAction","target":{"@type":"EntryPoint","urlTemplate":"https:\/\/cemab.com\/fr\/?s={search_term_string}"},"query-input":{"@type":"PropertyValueSpecification","valueRequired":true,"valueName":"search_term_string"}}],"inLanguage":"fr-FR"},{"@type":"Organization","@id":"https:\/\/cemab.com\/fr\/#organization","name":"Cemab srl","url":"https:\/\/cemab.com\/fr\/","logo":{"@type":"ImageObject","inLanguage":"fr-FR","@id":"https:\/\/cemab.com\/fr\/#\/schema\/logo\/image\/","url":"https:\/\/cemab.com\/2016\/wp-content\/uploads\/cemab.png","contentUrl":"https:\/\/cemab.com\/2016\/wp-content\/uploads\/cemab.png","width":250,"height":60,"caption":"Cemab srl"},"image":{"@id":"https:\/\/cemab.com\/fr\/#\/schema\/logo\/image\/"},"sameAs":["https:\/\/www.facebook.com\/cemab.srl\/","https:\/\/x.com\/cemabsrl","https:\/\/www.instagram.com\/cemabsrl\/","https:\/\/it.pinterest.com\/cemabsrl\/","https:\/\/www.youtube.com\/user\/00Cemab00"]}]}},"_links":{"self":[{"href":"https:\/\/cemab.com\/fr\/wp-json\/wp\/v2\/product\/25071","targetHints":{"allow":["GET"]}}],"collection":[{"href":"https:\/\/cemab.com\/fr\/wp-json\/wp\/v2\/product"}],"about":[{"href":"https:\/\/cemab.com\/fr\/wp-json\/wp\/v2\/types\/product"}],"wp:featuredmedia":[{"embeddable":true,"href":"https:\/\/cemab.com\/fr\/wp-json\/wp\/v2\/media\/25073"}],"wp:attachment":[{"href":"https:\/\/cemab.com\/fr\/wp-json\/wp\/v2\/media?parent=25071"}],"wp:term":[{"taxonomy":"product_brand","embeddable":true,"href":"https:\/\/cemab.com\/fr\/wp-json\/wp\/v2\/product_brand?post=25071"},{"taxonomy":"product_cat","embeddable":true,"href":"https:\/\/cemab.com\/fr\/wp-json\/wp\/v2\/product_cat?post=25071"},{"taxonomy":"product_tag","embeddable":true,"href":"https:\/\/cemab.com\/fr\/wp-json\/wp\/v2\/product_tag?post=25071"}],"curies":[{"name":"wp","href":"https:\/\/api.w.org\/{rel}","templated":true}]}}