{"id":25060,"date":"2022-06-21T15:52:32","date_gmt":"2022-06-21T13:52:32","guid":{"rendered":"https:\/\/cemab.com\/?post_type=product&#038;p=25060"},"modified":"2026-03-08T19:06:51","modified_gmt":"2026-03-08T18:06:51","slug":"presentoir-de-sol-en-bois-modele-tokyo-43-a-4-etageres","status":"publish","type":"product","link":"https:\/\/cemab.com\/fr\/catalogue\/presentoirs-de-sol\/presentoir-de-sol-en-bois-modele-tokyo-43-a-4-etageres\/","title":{"rendered":"Tokyo"},"content":{"rendered":"<h3>Le pr\u00e9sentoir de sol en bois mod\u00e8le Tokyo 43 \u00e0 4 \u00e9tag\u00e8res, <b>est enti\u00e8rement personnalisable, avec des graphiques et des couleurs \u00e0 choisir selon vos pr\u00e9f\u00e9rences.<\/b><\/h3>\n<p>Ce mod\u00e8le est id\u00e9al pour mettre en valeur vos produits dans des lieux tels que les magasins, supermarch\u00e9s, stands promotionnels, \u00e9v\u00e9nements et salons. Fabriqu\u00e9 en bois, il est con\u00e7u pour \u00eatre robuste et facile \u00e0 assembler gr\u00e2ce \u00e0 un syst\u00e8me d\u2019embo\u00eetement, sans n\u00e9cessiter d\u2019outils. Les pr\u00e9sentoirs sont livr\u00e9s d\u00e9mont\u00e9s, avec des instructions claires pour un montage rapide et sont soigneusement emball\u00e9s pour un transport \u00e9conomique.<\/p>\n<p>Personnalisez chaque pr\u00e9sentoir en choisissant votre logo, vos couleurs et une finition matte ou laqu\u00e9e. Vous pouvez \u00e9galement opter pour un mod\u00e8le sur mesure, en fonction de la forme et des dimensions souhait\u00e9es.<\/p>\n<p>Parcourez notre catalogue pour d\u00e9couvrir d\u2019autres mod\u00e8les de pr\u00e9sentoirs de sol avec crochets, \u00e9tag\u00e8res, double face, ainsi que des pr\u00e9sentoirs th\u00e9matiques pour \u00e9v\u00e9nements et f\u00eates. N\u2019oubliez pas de consulter aussi la section \u201cpr\u00e9sentoirs de comptoir\u201d pour des solutions int\u00e9ressantes et personnalisables \u00e0 des prix avantageux.<br \/>\nDemandez d\u00e8s maintenant un devis et b\u00e9n\u00e9ficiez d\u2019offres sp\u00e9ciales pour les grandes quantit\u00e9s !<\/p>\n<p>*Les photos sont repr\u00e9sentatives du produit et ont pour but de simuler la couleur et le logo, mais elles ne doivent pas \u00eatre consid\u00e9r\u00e9es comme des images r\u00e9elles. Le r\u00e9sultat des combinaisons de personnalisation peut diff\u00e9rer de ce qui est montr\u00e9 sur les photos.<\/p>\n<p>**L\u2019\u00e9paisseur et la texture du mat\u00e9riau utilis\u00e9 dans le produit final peuvent varier par rapport aux fournitures pr\u00e9c\u00e9dentes. Pour plus d\u2019informations, veuillez nous contacter avant d\u2019effectuer votre achat.<\/p>\n<div id=\"productInfoContainer\" class=\"productInfoContainer\">\n<p id=\"cbftssection\" class=\"productInformation prodInfoSub keyFeaturesMargin\"><strong>Caratteristiche principali<\/strong><br \/>\n&#8211; Il prodotto viene spedito smontato con facili istruzioni.<br \/>\n&#8211; Materiale: Multistrato di betulla.<br \/>\n&#8211; Teme l&#8217;acqua.<\/p>\n<div id=\"dessection\" class=\"productInformation prodInfoSub\">\n<hr \/>\n<\/div>\n<div class=\"tabella\">\n<div class=\"riga\">\n<div class=\"colonna\">\n<p class=\"productInformation prodInfoSub\"><strong>Misure e peso della confezione<\/strong><br \/>\nLarghezza: 40 cm<br \/>\nLunghezza: 150 cm<br \/>\nAltezza: 10 cm<br \/>\nPeso minimo: 12 kg<\/p>\n<p>Le produit doit \u00eatre mont\u00e9<\/p>\n<\/div>\n<div class=\"colonna\"><img decoding=\"async\" class=\"size-full wp-image-5567\" src=\"https:\/\/cemab.com\/2016\/wp-content\/uploads\/flatpack.jpg\" alt=\"Flatpack\" width=\"191\" height=\"200\" srcset=\"https:\/\/cemab.com\/2016\/wp-content\/uploads\/flatpack.jpg 191w, https:\/\/cemab.com\/2016\/wp-content\/uploads\/flatpack-64x67.jpg 64w\" sizes=\"(max-width: 191px) 100vw, 191px\" \/><\/div>\n<\/div>\n<\/div>\n<div id=\"packageInfo\">\n<div class=\"texts Wdth\">\n<hr \/>\n<\/div>\n<p class=\"texts Wdth\"><b>Entretien<\/b><br \/>\nNettoyez avec un chiffon doux et sec.<\/p>\n<\/div>\n<\/div>\n<div id=\"productInfoContainer1\" class=\"productInfoContainer productInformationContainerBox\">\n<div id=\"careInstructionsPart\" class=\" prodInfoDis prodInfoSub\">\n<div class=\"texts Wdth\">\n<hr \/>\n<\/div>\n<\/div>\n<p>&nbsp;<\/p>\n<\/div>\n","protected":false},"excerpt":{"rendered":"<div class=\"sizeprod\" style=\"text-align: center; font-size: 1.1em !important;\">L 45 x P 30 x H 175 cm<\/div>\n<div class=\"shortdesc\">Le pr\u00e9sentoir de sol en bois mod\u00e8le Tokyo 43 \u00e0 4 \u00e9tag\u00e8res, <b>est enti\u00e8rement personnalisable, avec des graphiques et des couleurs \u00e0 choisir selon vos pr\u00e9f\u00e9rences.<\/b><br \/>\nDimensions internes<span style=\"font-size: large;\">:<br \/>\n<\/span>Hauteur : 185 cm<br \/>\nLargeur : 43 cm<br \/>\nProfondeur : 32 cm<br \/>\nEspacement entre \u00e9tag\u00e8res : 35 cm<br \/>\nCapacit\u00e9 par \u00e9tag\u00e8re : 16 kg<b><br \/>\n<\/b><\/p>\n<p class=\"texts Wdth\">\n<\/div>\n","protected":false},"featured_media":25061,"template":"","meta":{"_acf_changed":false,"om_disable_all_campaigns":false},"product_brand":[],"product_cat":[333],"product_tag":[355],"class_list":{"0":"post-25060","1":"product","2":"type-product","3":"status-publish","4":"has-post-thumbnail","6":"product_cat-presentoirs-de-sol","7":"product_tag-personalisables-fr","9":"first","10":"instock","11":"shipping-taxable","12":"product-type-simple"},"acf":[],"yoast_head":"<!-- This site is optimized with the Yoast SEO plugin v26.8 - https:\/\/yoast.com\/product\/yoast-seo-wordpress\/ -->\n<title>Pr\u00e9sentoir de sol en bois mod\u00e8le Tokyo 43 \u00e0 4 \u00e9tag\u00e8res - CEMAB<\/title>\n<meta name=\"description\" content=\"Ce mod\u00e8le est id\u00e9al pour mettre en valeur vos produits dans des lieux tels que les magasins, supermarch\u00e9s, stands promotionnels, \u00e9v\u00e9nements et salons\" \/>\n<meta name=\"robots\" content=\"index, follow, max-snippet:-1, max-image-preview:large, max-video-preview:-1\" \/>\n<link rel=\"canonical\" href=\"https:\/\/cemab.com\/fr\/catalogue\/presentoirs-de-sol\/presentoir-de-sol-en-bois-modele-tokyo-43-a-4-etageres\/\" \/>\n<meta property=\"og:locale\" content=\"fr_FR\" \/>\n<meta property=\"og:type\" content=\"article\" \/>\n<meta property=\"og:title\" content=\"Pr\u00e9sentoir de sol en bois mod\u00e8le Tokyo 43 \u00e0 4 \u00e9tag\u00e8res - CEMAB\" \/>\n<meta property=\"og:description\" content=\"Ce mod\u00e8le est id\u00e9al pour mettre en valeur vos produits dans des lieux tels que les magasins, supermarch\u00e9s, stands promotionnels, \u00e9v\u00e9nements et salons\" \/>\n<meta property=\"og:url\" content=\"https:\/\/cemab.com\/fr\/catalogue\/presentoirs-de-sol\/presentoir-de-sol-en-bois-modele-tokyo-43-a-4-etageres\/\" \/>\n<meta property=\"og:site_name\" content=\"Cemab srl - Espositori in legno ad incastro\" \/>\n<meta property=\"article:publisher\" content=\"https:\/\/www.facebook.com\/cemab.srl\/\" \/>\n<meta property=\"article:modified_time\" content=\"2026-03-08T18:06:51+00:00\" \/>\n<meta property=\"og:image\" content=\"https:\/\/cemab.com\/2016\/wp-content\/uploads\/Tokyo-espositore-cemab-con-logo.jpg\" \/>\n\t<meta property=\"og:image:width\" content=\"1140\" \/>\n\t<meta property=\"og:image:height\" content=\"1280\" \/>\n\t<meta property=\"og:image:type\" content=\"image\/jpeg\" \/>\n<meta name=\"twitter:card\" content=\"summary_large_image\" \/>\n<meta name=\"twitter:site\" content=\"@cemabsrl\" \/>\n<meta name=\"twitter:label1\" content=\"Est. reading time\" \/>\n\t<meta name=\"twitter:data1\" content=\"3 minutes\" \/>\n<script type=\"application\/ld+json\" class=\"yoast-schema-graph\">{\"@context\":\"https:\/\/schema.org\",\"@graph\":[{\"@type\":\"WebPage\",\"@id\":\"https:\/\/cemab.com\/fr\/catalogue\/presentoirs-de-sol\/presentoir-de-sol-en-bois-modele-tokyo-43-a-4-etageres\/\",\"url\":\"https:\/\/cemab.com\/fr\/catalogue\/presentoirs-de-sol\/presentoir-de-sol-en-bois-modele-tokyo-43-a-4-etageres\/\",\"name\":\"Pr\u00e9sentoir de sol en bois mod\u00e8le Tokyo 43 \u00e0 4 \u00e9tag\u00e8res - CEMAB\",\"isPartOf\":{\"@id\":\"https:\/\/cemab.com\/fr\/#website\"},\"primaryImageOfPage\":{\"@id\":\"https:\/\/cemab.com\/fr\/catalogue\/presentoirs-de-sol\/presentoir-de-sol-en-bois-modele-tokyo-43-a-4-etageres\/#primaryimage\"},\"image\":{\"@id\":\"https:\/\/cemab.com\/fr\/catalogue\/presentoirs-de-sol\/presentoir-de-sol-en-bois-modele-tokyo-43-a-4-etageres\/#primaryimage\"},\"thumbnailUrl\":\"https:\/\/cemab.com\/2016\/wp-content\/uploads\/Tokyo-espositore-cemab-con-logo.jpg\",\"datePublished\":\"2022-06-21T13:52:32+00:00\",\"dateModified\":\"2026-03-08T18:06:51+00:00\",\"description\":\"Ce mod\u00e8le est id\u00e9al pour mettre en valeur vos produits dans des lieux tels que les magasins, supermarch\u00e9s, stands promotionnels, \u00e9v\u00e9nements et salons\",\"breadcrumb\":{\"@id\":\"https:\/\/cemab.com\/fr\/catalogue\/presentoirs-de-sol\/presentoir-de-sol-en-bois-modele-tokyo-43-a-4-etageres\/#breadcrumb\"},\"inLanguage\":\"fr-FR\",\"potentialAction\":[{\"@type\":\"ReadAction\",\"target\":[\"https:\/\/cemab.com\/fr\/catalogue\/presentoirs-de-sol\/presentoir-de-sol-en-bois-modele-tokyo-43-a-4-etageres\/\"]}]},{\"@type\":\"ImageObject\",\"inLanguage\":\"fr-FR\",\"@id\":\"https:\/\/cemab.com\/fr\/catalogue\/presentoirs-de-sol\/presentoir-de-sol-en-bois-modele-tokyo-43-a-4-etageres\/#primaryimage\",\"url\":\"https:\/\/cemab.com\/2016\/wp-content\/uploads\/Tokyo-espositore-cemab-con-logo.jpg\",\"contentUrl\":\"https:\/\/cemab.com\/2016\/wp-content\/uploads\/Tokyo-espositore-cemab-con-logo.jpg\",\"width\":1140,\"height\":1280},{\"@type\":\"BreadcrumbList\",\"@id\":\"https:\/\/cemab.com\/fr\/catalogue\/presentoirs-de-sol\/presentoir-de-sol-en-bois-modele-tokyo-43-a-4-etageres\/#breadcrumb\",\"itemListElement\":[{\"@type\":\"ListItem\",\"position\":1,\"name\":\"Home\",\"item\":\"https:\/\/cemab.com\/fr\/\"},{\"@type\":\"ListItem\",\"position\":2,\"name\":\"Catalogo\",\"item\":\"https:\/\/cemab.com\/catalogo\/\"},{\"@type\":\"ListItem\",\"position\":3,\"name\":\"Pr\u00e9sentoirs de sol\",\"item\":\"https:\/\/cemab.com\/fr\/categorie\/presentoirs-de-sol\/\"},{\"@type\":\"ListItem\",\"position\":4,\"name\":\"Tokyo\"}]},{\"@type\":\"WebSite\",\"@id\":\"https:\/\/cemab.com\/fr\/#website\",\"url\":\"https:\/\/cemab.com\/fr\/\",\"name\":\"Cemab srl - Espositori in legno ad incastro\",\"description\":\"espositori in legno ad incastro :: wooden display in kit :: holz display :: pr\u00e9sentoirs en bois :: expositores de madera\",\"publisher\":{\"@id\":\"https:\/\/cemab.com\/fr\/#organization\"},\"potentialAction\":[{\"@type\":\"SearchAction\",\"target\":{\"@type\":\"EntryPoint\",\"urlTemplate\":\"https:\/\/cemab.com\/fr\/?s={search_term_string}\"},\"query-input\":{\"@type\":\"PropertyValueSpecification\",\"valueRequired\":true,\"valueName\":\"search_term_string\"}}],\"inLanguage\":\"fr-FR\"},{\"@type\":\"Organization\",\"@id\":\"https:\/\/cemab.com\/fr\/#organization\",\"name\":\"Cemab srl\",\"url\":\"https:\/\/cemab.com\/fr\/\",\"logo\":{\"@type\":\"ImageObject\",\"inLanguage\":\"fr-FR\",\"@id\":\"https:\/\/cemab.com\/fr\/#\/schema\/logo\/image\/\",\"url\":\"https:\/\/cemab.com\/2016\/wp-content\/uploads\/cemab.png\",\"contentUrl\":\"https:\/\/cemab.com\/2016\/wp-content\/uploads\/cemab.png\",\"width\":250,\"height\":60,\"caption\":\"Cemab srl\"},\"image\":{\"@id\":\"https:\/\/cemab.com\/fr\/#\/schema\/logo\/image\/\"},\"sameAs\":[\"https:\/\/www.facebook.com\/cemab.srl\/\",\"https:\/\/x.com\/cemabsrl\",\"https:\/\/www.instagram.com\/cemabsrl\/\",\"https:\/\/it.pinterest.com\/cemabsrl\/\",\"https:\/\/www.youtube.com\/user\/00Cemab00\"]}]}<\/script>\n<!-- \/ Yoast SEO plugin. -->","yoast_head_json":{"title":"Pr\u00e9sentoir de sol en bois mod\u00e8le Tokyo 43 \u00e0 4 \u00e9tag\u00e8res - CEMAB","description":"Ce mod\u00e8le est id\u00e9al pour mettre en valeur vos produits dans des lieux tels que les magasins, supermarch\u00e9s, stands promotionnels, \u00e9v\u00e9nements et salons","robots":{"index":"index","follow":"follow","max-snippet":"max-snippet:-1","max-image-preview":"max-image-preview:large","max-video-preview":"max-video-preview:-1"},"canonical":"https:\/\/cemab.com\/fr\/catalogue\/presentoirs-de-sol\/presentoir-de-sol-en-bois-modele-tokyo-43-a-4-etageres\/","og_locale":"fr_FR","og_type":"article","og_title":"Pr\u00e9sentoir de sol en bois mod\u00e8le Tokyo 43 \u00e0 4 \u00e9tag\u00e8res - CEMAB","og_description":"Ce mod\u00e8le est id\u00e9al pour mettre en valeur vos produits dans des lieux tels que les magasins, supermarch\u00e9s, stands promotionnels, \u00e9v\u00e9nements et salons","og_url":"https:\/\/cemab.com\/fr\/catalogue\/presentoirs-de-sol\/presentoir-de-sol-en-bois-modele-tokyo-43-a-4-etageres\/","og_site_name":"Cemab srl - Espositori in legno ad incastro","article_publisher":"https:\/\/www.facebook.com\/cemab.srl\/","article_modified_time":"2026-03-08T18:06:51+00:00","og_image":[{"width":1140,"height":1280,"url":"https:\/\/cemab.com\/2016\/wp-content\/uploads\/Tokyo-espositore-cemab-con-logo.jpg","type":"image\/jpeg"}],"twitter_card":"summary_large_image","twitter_site":"@cemabsrl","twitter_misc":{"Est. reading time":"3 minutes"},"schema":{"@context":"https:\/\/schema.org","@graph":[{"@type":"WebPage","@id":"https:\/\/cemab.com\/fr\/catalogue\/presentoirs-de-sol\/presentoir-de-sol-en-bois-modele-tokyo-43-a-4-etageres\/","url":"https:\/\/cemab.com\/fr\/catalogue\/presentoirs-de-sol\/presentoir-de-sol-en-bois-modele-tokyo-43-a-4-etageres\/","name":"Pr\u00e9sentoir de sol en bois mod\u00e8le Tokyo 43 \u00e0 4 \u00e9tag\u00e8res - CEMAB","isPartOf":{"@id":"https:\/\/cemab.com\/fr\/#website"},"primaryImageOfPage":{"@id":"https:\/\/cemab.com\/fr\/catalogue\/presentoirs-de-sol\/presentoir-de-sol-en-bois-modele-tokyo-43-a-4-etageres\/#primaryimage"},"image":{"@id":"https:\/\/cemab.com\/fr\/catalogue\/presentoirs-de-sol\/presentoir-de-sol-en-bois-modele-tokyo-43-a-4-etageres\/#primaryimage"},"thumbnailUrl":"https:\/\/cemab.com\/2016\/wp-content\/uploads\/Tokyo-espositore-cemab-con-logo.jpg","datePublished":"2022-06-21T13:52:32+00:00","dateModified":"2026-03-08T18:06:51+00:00","description":"Ce mod\u00e8le est id\u00e9al pour mettre en valeur vos produits dans des lieux tels que les magasins, supermarch\u00e9s, stands promotionnels, \u00e9v\u00e9nements et salons","breadcrumb":{"@id":"https:\/\/cemab.com\/fr\/catalogue\/presentoirs-de-sol\/presentoir-de-sol-en-bois-modele-tokyo-43-a-4-etageres\/#breadcrumb"},"inLanguage":"fr-FR","potentialAction":[{"@type":"ReadAction","target":["https:\/\/cemab.com\/fr\/catalogue\/presentoirs-de-sol\/presentoir-de-sol-en-bois-modele-tokyo-43-a-4-etageres\/"]}]},{"@type":"ImageObject","inLanguage":"fr-FR","@id":"https:\/\/cemab.com\/fr\/catalogue\/presentoirs-de-sol\/presentoir-de-sol-en-bois-modele-tokyo-43-a-4-etageres\/#primaryimage","url":"https:\/\/cemab.com\/2016\/wp-content\/uploads\/Tokyo-espositore-cemab-con-logo.jpg","contentUrl":"https:\/\/cemab.com\/2016\/wp-content\/uploads\/Tokyo-espositore-cemab-con-logo.jpg","width":1140,"height":1280},{"@type":"BreadcrumbList","@id":"https:\/\/cemab.com\/fr\/catalogue\/presentoirs-de-sol\/presentoir-de-sol-en-bois-modele-tokyo-43-a-4-etageres\/#breadcrumb","itemListElement":[{"@type":"ListItem","position":1,"name":"Home","item":"https:\/\/cemab.com\/fr\/"},{"@type":"ListItem","position":2,"name":"Catalogo","item":"https:\/\/cemab.com\/catalogo\/"},{"@type":"ListItem","position":3,"name":"Pr\u00e9sentoirs de sol","item":"https:\/\/cemab.com\/fr\/categorie\/presentoirs-de-sol\/"},{"@type":"ListItem","position":4,"name":"Tokyo"}]},{"@type":"WebSite","@id":"https:\/\/cemab.com\/fr\/#website","url":"https:\/\/cemab.com\/fr\/","name":"Cemab srl - Espositori in legno ad incastro","description":"espositori in legno ad incastro :: wooden display in kit :: holz display :: pr\u00e9sentoirs en bois :: expositores de madera","publisher":{"@id":"https:\/\/cemab.com\/fr\/#organization"},"potentialAction":[{"@type":"SearchAction","target":{"@type":"EntryPoint","urlTemplate":"https:\/\/cemab.com\/fr\/?s={search_term_string}"},"query-input":{"@type":"PropertyValueSpecification","valueRequired":true,"valueName":"search_term_string"}}],"inLanguage":"fr-FR"},{"@type":"Organization","@id":"https:\/\/cemab.com\/fr\/#organization","name":"Cemab srl","url":"https:\/\/cemab.com\/fr\/","logo":{"@type":"ImageObject","inLanguage":"fr-FR","@id":"https:\/\/cemab.com\/fr\/#\/schema\/logo\/image\/","url":"https:\/\/cemab.com\/2016\/wp-content\/uploads\/cemab.png","contentUrl":"https:\/\/cemab.com\/2016\/wp-content\/uploads\/cemab.png","width":250,"height":60,"caption":"Cemab srl"},"image":{"@id":"https:\/\/cemab.com\/fr\/#\/schema\/logo\/image\/"},"sameAs":["https:\/\/www.facebook.com\/cemab.srl\/","https:\/\/x.com\/cemabsrl","https:\/\/www.instagram.com\/cemabsrl\/","https:\/\/it.pinterest.com\/cemabsrl\/","https:\/\/www.youtube.com\/user\/00Cemab00"]}]}},"_links":{"self":[{"href":"https:\/\/cemab.com\/fr\/wp-json\/wp\/v2\/product\/25060","targetHints":{"allow":["GET"]}}],"collection":[{"href":"https:\/\/cemab.com\/fr\/wp-json\/wp\/v2\/product"}],"about":[{"href":"https:\/\/cemab.com\/fr\/wp-json\/wp\/v2\/types\/product"}],"wp:featuredmedia":[{"embeddable":true,"href":"https:\/\/cemab.com\/fr\/wp-json\/wp\/v2\/media\/25061"}],"wp:attachment":[{"href":"https:\/\/cemab.com\/fr\/wp-json\/wp\/v2\/media?parent=25060"}],"wp:term":[{"taxonomy":"product_brand","embeddable":true,"href":"https:\/\/cemab.com\/fr\/wp-json\/wp\/v2\/product_brand?post=25060"},{"taxonomy":"product_cat","embeddable":true,"href":"https:\/\/cemab.com\/fr\/wp-json\/wp\/v2\/product_cat?post=25060"},{"taxonomy":"product_tag","embeddable":true,"href":"https:\/\/cemab.com\/fr\/wp-json\/wp\/v2\/product_tag?post=25060"}],"curies":[{"name":"wp","href":"https:\/\/api.w.org\/{rel}","templated":true}]}}