{"id":26680,"date":"2023-01-26T18:02:33","date_gmt":"2023-01-26T17:02:33","guid":{"rendered":"https:\/\/cemab.com\/?page_id=26680"},"modified":"2026-04-02T19:08:57","modified_gmt":"2026-04-02T17:08:57","slug":"offre-2","status":"publish","type":"page","link":"https:\/\/cemab.com\/fr\/offre-2\/","title":{"rendered":"Offre"},"content":{"rendered":"\n<div id=\"home\" class=\"rockthemes-fullwidth-colored rockthemes-unique-grid \" style=\"background: #dd9527;\">\n<div class=\"row\">\n<div class=\"large-12 medium-12 columns\">\n<p><div class=\"vertical-space-d3\"><\/div>\r\n\t\t\t<div class=\"azoom-heading-wrapper  centered-heading \" style=\"text-align:center;\">\r\n\t\t\t\t<div class=\"azoom-heading-inline\">\r\n\t\t\t\t\t\r\n\t\t\t\t\t<h1 class=\"azoom-heading\" style=\"color:#003aae; font-size:54px; \">Pr\u00e9sentoirs en Bois en Promotion<\/h1>\r\n\t\t\t\t\t\r\n\t\t\t\t\t\r\n\t\t\t\t<\/div>\r\n\t\t\t<\/div>\r\n\t\t<\/p>\n<div class=\"azoom-text-details\">\n<h1 style=\"text-align: center; color: #003aae; font-weight: 900;\"><span style=\"font-size: 64px;\"><strong>Offre promotionnelle de avril<\/strong><\/span><\/h1>\n<\/div>\n<div class=\"vertical-space\"><\/div>\n<\/div>\n<\/div>\n<\/div>\n<div class=\"rockthemes-fullwidth-colored rockthemes-unique-grid rsb-vertical-space \" style=\"background: #ffffff;\">\n<div class=\"row\">\n<div class=\"large-12 medium-12 columns\">\n<div class=\"azoom-text-details\">\n<h2 style=\"text-align: center; color: #003aae; font-weight: 900;\"><span style=\"color: #003aae;\">Mod\u00e8le Liberty <\/span><span style=\"font-size: 36px;\"><span style=\"color: #003aae;\">4 \u00e9tag\u00e8res \u2013 42 cm utiles<\/span><br \/>\n<\/span><\/h2>\n<\/div>\n<p><div class=\"vertical-space\"><\/div><div class=\"azoom-single-image  center-text  \"  ><img decoding=\"async\" src=\"https:\/\/cemab.com\/2016\/wp-content\/uploads\/Liberty-720x720.png\" alt=\"Espositore Liberty 4 piani in offerta\" \/><\/div><div class=\"vertical-space\"><\/div><div class=\"azoom-button-wrapper\" style=\"text-align:center;\" > <a href=\"https:\/\/cemab.com\/fr\/nous-contacter\/\"  style=\"\" class=\"escapea button azoom-transition button-large button-action button-border\"   data-bg-disabled=\"true\"   >Obtenez des informations imm\u00e9diatement<\/a><\/div><div class=\"vertical-space\"><\/div><\/p>\n<\/div>\n<\/div>\n<div class=\"row\">\n<div class=\"large-6 medium-6 columns\">\n<table class=\"table-data-sheet\" style=\"width: 90%;\">\n<tbody>\n<tr class=\"title\">\n<td><strong>Dimensions<\/strong><\/td>\n<\/tr>\n<tr class=\"even\">\n<td>Hauteur<\/td>\n<td>173 cm<\/td>\n<\/tr>\n<tr class=\"odd\">\n<td>Largeur utile<\/td>\n<td>42 cm<\/td>\n<\/tr>\n<tr class=\"even\">\n<td>Profondeur<\/td>\n<td>30 cm<\/td>\n<\/tr>\n<tr class=\"odd\">\n<td>Espace entre les \u00e9tag\u00e8res<\/td>\n<td>32,3 cm<\/td>\n<\/tr>\n<tr class=\"even\">\n<td>Capacit\u00e9 par \u00e9tag\u00e8re<\/td>\n<td>8 kg<\/td>\n<\/tr>\n<\/tbody>\n<\/table>\n<\/div>\n<div class=\"large-6 medium-6 columns\">\n<div class=\"azoom-text-details\">\n<p style=\"padding-left: 40px;\"><span style=\"font-family: titillium web, sans-serif;\"><strong><span style=\"font-size: 18px;\">Informations suppl\u00e9mentaires<\/span><\/strong><\/span><\/p>\n<ul>\n<li><span style=\"font-size: 21px; font-family: titillium web, sans-serif;\">Utilisation recommand\u00e9e pour: <strong>Pharmacies, parfumeries, p\u00e2tisseries, boulangeries, papeteries, fabricants de p\u00e2tes, et bien plus encore.<br \/>\n<\/strong><\/span><\/li>\n<li><span style=\"font-size: 21px; font-family: titillium web, sans-serif;\">\u00c9l\u00e9ments personnalisables: <strong>fronton, et socle.<\/strong><\/span><\/li>\n<li><span style=\"font-size: 21px; font-family: titillium web, sans-serif;\">Pi\u00e8ces disponibles:<strong>275 (\u00e0 ce prix)<\/strong><\/span><\/li>\n<li><span style=\"font-family: titillium web, sans-serif; font-size: 21px;\">Montage facile : syst\u00e8me \u00e0 embo\u00eetement sans outils<\/span><\/li>\n<li><span style=\"font-family: titillium web, sans-serif; font-size: 21px;\"><strong>Mat\u00e9riel : contreplaqu\u00e9 de bois ultra-r\u00e9sistant.<\/strong><\/span><\/li>\n<\/ul>\n<\/div>\n<\/div>\n<\/div>\n<div class=\"row\">\n<div class=\"large-8 large-offset-2 medium-8 medium-offset-2 columns rockthemes-animate\" data-animation-class=\"fadeInUp\" data-animation-delay-time=\"100\">\n<p><div class=\"vertical-space\"><\/div><hr style=\"margin:30px 0px; width:100%; height:0px; border-bottom:none; \" \/><\/p>\n<div class=\"azoom-text-details\">\n<p style=\"text-align: center;\"><span style=\"color: #e60000;\"><strong><span style=\"font-size: 28px;\"><span style=\"font-size: 24px;\">Prix catalogue<\/span> <del>80<s>,00<\/s><\/del> \u20ac + TVA<br \/>\n<\/span><\/strong><\/span><\/p>\n<\/div>\n<div class=\"azoom-text-details\">\n<h2 style=\"text-align: center;\"><span style=\"font-size: 36px; color: #003aae; font-family: titillium web, sans-serif;\"><span style=\"font-size: 48px;\">Prix promotionnel:<\/span> <span style=\"font-size: 48px;\">4<\/span><\/span><span style=\"font-size: 36px; color: #003aae;\"><span style=\"font-family: titillium web, sans-serif;\"><span style=\"font-size: 48px; font-weight: 900;\">9<\/span>,90 \u20ac<\/span>\u00a0<\/span><\/h2>\n<h3 style=\"text-align: center;\"><span style=\"font-size: 21px;\"><span style=\"font-family: titillium web, sans-serif;\">Commande minimum : 1 palette \u2013 Offre limit\u00e9e \u00e0 275 pi\u00e8ces disponibles \u00e0 ce tarif, en stock et pr\u00eates \u00e0 \u00eatre exp\u00e9di\u00e9es. <\/span><span style=\"font-family: titillium web, sans-serif;\">Cette offre est r\u00e9serv\u00e9e aux professionnels souhaitant augmenter leur visibilit\u00e9 et leurs ventes pour la p\u00e9riode de No\u00ebl gr\u00e2ce \u00e0 des pr\u00e9sentoirs en bois \u00e9l\u00e9gants et solides.\u00a0 Contactez-nous avant le 30 novembre pour r\u00e9server les derniers exemplaires !<\/span><\/span><strong><br \/>\n<\/strong><\/h3>\n<\/div>\n<p><div class=\"azoom-button-wrapper\" style=\"text-align:center;\" > <a href=\"https:\/\/cemab.com\/fr\/nous-contacter\/\"  style=\" background:#003aae; color:#ffffff; \" class=\"escapea button azoom-transition\" data-bg_color_default=\"#003aae\" \r\n\t\t\t\t\t\t\t\t  data-bg_color_hover=\"#7c7777\" \r\n\t\t\t\t\t\t\t\t  data-text_color_default=\"#ffffff\" \r\n\t\t\t\t\t\t\t\t  data-text_color_hover=\"#ffffff\" \r\n\t\t\t\t\t\t\t\t  data-border_color=\"#ffffff\" \r\n\t\t\t\t\t\t\t\t  data-border_color_hover=\"#ffffff\" \r\n\t\t\t\t\t\t\t\t  data-button-js-colors=\"true\"    >R\u00c9SERVEZ LES V\u00d4TRES MAINTENANT <i class=\"icomoon icomoon-icon-uniE7CF  animate-icon animate-to-right\"><\/i> <\/a><\/div><hr style=\"margin:30px 0px; width:100%; height:0px; border-bottom:none; \" \/><\/p>\n<\/div>\n<div class=\"large-2 medium-2 columns\"><\/div>\n<\/div>\n<div class=\"row\">\n<div class=\"large-8 large-offset-2 medium-8 medium-offset-2 columns\"><div class=\"azoom-single-image  center-text  \"  ><img decoding=\"async\" src=\"https:\/\/cemab.com\/2016\/wp-content\/uploads\/LibertyLogo-720x720.png\" alt=\"Espositore Liberty 4 piani con logo\" \/><\/div><div class=\"vertical-space\"><\/div><div class=\"azoom-single-image  center-text  \"  ><img decoding=\"async\" src=\"https:\/\/cemab.com\/2016\/wp-content\/uploads\/Liberty-per-pasta-720x720.png\" alt=\"Espositore in Legno Liberty per Alimentari\" \/><\/div><div class=\"vertical-space\"><\/div><div class=\"azoom-single-image  center-text  \"  ><img decoding=\"async\" src=\"https:\/\/cemab.com\/2016\/wp-content\/uploads\/libertyPanetteria-720x720.png\" alt=\"Espositore in Legno Liberty per panetteria\" \/><\/div><div class=\"vertical-space-x_grid\"><\/div><\/div>\n<div class=\"large-2 medium-2 columns\"><\/div>\n<\/div>\n<div class=\"row\">\n<div class=\"large-2 large-offset-3 medium-2 medium-offset-3 columns\"><div class=\"rock-iconictext-container row circle-box rock-icon-top\"><a href=\"https:\/\/cemab.com\/fr\/nous-contacter\/\" class=\"escapea\"><div class=\"large-12 columns rockicon-container-column padding\"><div class=\"rockicon-container rockicon-circle-box\" style=\"background:#81d742; color:#666666;  width:68px; height:68px; line-height:28px; &quot;\"  data-box-fill=\"background_only\" data-icon-color=\"#666666\" data-icon-hover-color=\"#dd3333\" data-bg-color=\"#81d742\" data-bg-hover-color=\"#666666\"><i class=\"icomoon icomoon-icon-envelope icon-2\"><\/i><\/div><\/div><\/a><a href=\"https:\/\/cemab.com\/fr\/nous-contacter\/\"><div class=\"large-12 columns\"><div class=\"rock-iconictext-header-title\"><h3>Envoyez-nous un e-mail<\/h3><\/div><\/div><\/a><\/div><div class=\"clear\"><\/div><\/div>\n<div class=\"large-2 large-offset-2 medium-2 medium-offset-2 columns\">\n<div class=\"rock-iconictext-container row circle-box rock-icon-top\"><a href=\"tel:+39800148764\" class=\"escapea\"><div class=\"large-12 columns rockicon-container-column padding\"><div class=\"rockicon-container rockicon-circle-box\" style=\"background:#81d742; color:#666666;  width:68px; height:68px; line-height:28px; &quot;\"  data-box-fill=\"background_only\" data-icon-color=\"#666666\" data-icon-hover-color=\"#dd3333\" data-bg-color=\"#81d742\" data-bg-hover-color=\"#666666\"><i class=\"icomoon icomoon-icon-phone icon-2\"><\/i><\/div><\/div><\/a><a href=\"tel:+39800148764\" class=\"iconic-text-link-wrap\"><div class=\"large-12 columns\"><div class=\"rock-iconictext-header-title\"><h3>Appelez<\/h3><\/div><\/div><\/a><div class=\"large-12 columns\"><div class=\"rock-iconictext-content\"><\/p>\n<p style=\"text-align: center;\">pour obtenir plus d\u2019informations ou un devis personnalis\u00e9<\/p>\n<p>\n<\/div><\/div><\/div><div class=\"clear\"><\/div>\n<\/div>\n<div class=\"large-3 medium-3 columns\"><\/div>\n<\/div>\n<\/div>\n<div class=\"rockthemes-fullwidth-colored rockthemes-unique-grid \" style=\"background: #e8e8e8;\">\n<div class=\"row\">\n<div class=\"large-12 medium-12 columns\">\n<div class=\"vertical-space-x_grid\"><\/div>\n<div class=\"azoom-text-details\">\n<p style=\"text-align: center;\"><span style=\"color: #000000; font-size: 18px;\">Chez CEMAB, vous trouvez chaque jour des pr\u00e9sentoirs en bois \u00e0 prix r\u00e9duits<\/span><\/p>\n<p style=\"text-align: center;\"><span style=\"color: #000000; font-size: 18px;\">issus de grandes s\u00e9ries de production, fins de stock ou optimisations de fabrication<\/span><\/p>\n<h3 style=\"text-align: center; color: #003aae; font-weight: 900;\">Ils b\u00e9n\u00e9ficient de la garantie CEMAB et repr\u00e9sentent une v\u00e9ritable opportunit\u00e9.<\/h3>\n<\/div>\n<div class=\"vertical-space-x_grid\"><\/div>\n<\/div>\n<\/div>\n<\/div>\n<div id=\"newsletter\" class=\"rockthemes-fullwidth-colored rockthemes-unique-grid unique-grid-light-fonts \" style=\"background: #ffdc00;\">\n<div class=\"row\">\n<div class=\"large-4 medium-4 columns\"><div class=\"vertical-space\"><\/div><div class=\"azoom-single-image  center-text  \"  ><img decoding=\"async\" src=\"https:\/\/cemab.com\/2016\/wp-content\/uploads\/offerte-newsletter-blu.png\"  \/><\/div><div class=\"vertical-space-d3\"><\/div><\/div>\n<div class=\"large-8 medium-8 columns\">\n<div class=\"vertical-space-x_grid\"><\/div>\n<div class=\"azoom-text-details\">\n<h1 style=\"text-align: center;\"><span style=\"color: #003aae; font-size: 64px;\">Inscris-toi \u00e0 notre newsletter et reste inform\u00e9 de nos offres exceptionnelles !<\/span><\/h1>\n<\/div>\n<p><div class=\"vertical-space-d3\"><\/div><div class=\"azoom-button-wrapper\" style=\"text-align:center;\" > <a href=\"https:\/\/cemab.com\/fr\/nous-contacter\/\" target=\"_blank\" style=\" background:#003aae; color:#ffffff; \" class=\"escapea button azoom-transition button-big\" data-bg_color_default=\"#003aae\" \r\n\t\t\t\t\t\t\t\t  data-bg_color_hover=\"#7c7777\" \r\n\t\t\t\t\t\t\t\t  data-text_color_default=\"#ffffff\" \r\n\t\t\t\t\t\t\t\t  data-text_color_hover=\"#ffffff\" \r\n\t\t\t\t\t\t\t\t  data-border_color=\"#ffffff\" \r\n\t\t\t\t\t\t\t\t  data-border_color_hover=\"#ffffff\" \r\n\t\t\t\t\t\t\t\t  data-button-js-colors=\"true\"    >INSCRIS-MOI \u00c0 LA NEWSLETTER <i class=\"icomoon icomoon-icon-mail5  animate-icon animate-to-right\"><\/i> <\/a><\/div><div class=\"vertical-space\"><\/div><\/p>\n<\/div>\n<\/div>\n<\/div>\n<div class=\"row\">\n<p> <\/p>\n<div class=\"row\">\n<div class=\"rockthemes-unique-grid large-12 columns rsb-vertical-space \">\n<div><\/div>\n<div class=\"row\">\n<div class=\"large-12 medium-12 columns\">\n<div class=\"azoom-text-details\">\n<h3 style=\"text-align: center;\"><span style=\"font-family: titillium web, sans-serif;\">Mais\u2026 si ce mod\u00e8le en promotion ne te pla\u00eet pas ou ne convient pas \u00e0 tes produits, tu peux chercher celui qui te correspond en cliquant ci-dessous.<br \/>\nNous avons des centaines de mod\u00e8les parmi lesquels choisir.<br \/>\nBonne d\u00e9couverte !<\/span><\/h3>\n<\/div>\n<div class=\"vertical-space\"><\/div>\n<\/div>\n<\/div>\n<div class=\"row\">\n<div class=\"large-6 medium-6 columns\"><div class=\"azoom-button-wrapper\" style=\"text-align:center;\" > <a href=\"https:\/\/cemab.com\/fr\/categorie\/presentoirs-de-sol\/\"  style=\" background:#003aae; color:#FFFFFF; \" class=\"escapea button azoom-transition button-big\" data-bg_color_default=\"#003aae\" \r\n\t\t\t\t\t\t\t\t  data-bg_color_hover=\"#7c7777\" \r\n\t\t\t\t\t\t\t\t  data-text_color_default=\"#FFFFFF\" \r\n\t\t\t\t\t\t\t\t  data-text_color_hover=\"#FFFFFF\" \r\n\t\t\t\t\t\t\t\t  data-border_color=\"#FFFFFF\" \r\n\t\t\t\t\t\t\t\t  data-border_color_hover=\"#FFFFFF\" \r\n\t\t\t\t\t\t\t\t  data-button-js-colors=\"true\"    >Pr\u00e9sentoirs de sol<\/a><\/div><\/div>\n<div class=\"large-6 medium-6 columns\"><div class=\"azoom-button-wrapper\" style=\"text-align:center;\" > <a href=\"https:\/\/cemab.com\/fr\/categorie\/presentoirs-de-comptoir\/\"  style=\" background:#003aae; color:#FFFFFF; \" class=\"escapea button azoom-transition button-big\" data-bg_color_default=\"#003aae\" \r\n\t\t\t\t\t\t\t\t  data-bg_color_hover=\"#7c7777\" \r\n\t\t\t\t\t\t\t\t  data-text_color_default=\"#FFFFFF\" \r\n\t\t\t\t\t\t\t\t  data-text_color_hover=\"#FFFFFF\" \r\n\t\t\t\t\t\t\t\t  data-border_color=\"#FFFFFF\" \r\n\t\t\t\t\t\t\t\t  data-border_color_hover=\"#FFFFFF\" \r\n\t\t\t\t\t\t\t\t  data-button-js-colors=\"true\"    >Pr\u00e9sentoirs de comptoir<\/a><\/div><\/div>\n<\/div>\n<\/div>\n<\/div>\n<p><\/p>\n<\/div>\n","protected":false},"excerpt":{"rendered":"","protected":false},"author":3,"featured_media":0,"parent":0,"menu_order":0,"comment_status":"open","ping_status":"closed","template":"","meta":{"_acf_changed":false,"om_disable_all_campaigns":false,"footnotes":""},"class_list":["post-26680","page","type-page","status-publish","hentry"],"acf":[],"yoast_head":"<!-- This site is optimized with the Yoast SEO plugin v26.8 - https:\/\/yoast.com\/product\/yoast-seo-wordpress\/ -->\n<title>Offre - Cemab srl - Espositori in legno ad incastro<\/title>\n<meta name=\"robots\" content=\"index, follow, max-snippet:-1, max-image-preview:large, max-video-preview:-1\" \/>\n<link rel=\"canonical\" href=\"https:\/\/cemab.com\/fr\/offre-2\/\" \/>\n<meta property=\"og:locale\" content=\"fr_FR\" \/>\n<meta property=\"og:type\" content=\"article\" \/>\n<meta property=\"og:title\" content=\"Offre - Cemab srl - Espositori in legno ad incastro\" \/>\n<meta property=\"og:url\" content=\"https:\/\/cemab.com\/fr\/offre-2\/\" \/>\n<meta property=\"og:site_name\" content=\"Cemab srl - Espositori in legno ad incastro\" \/>\n<meta property=\"article:publisher\" content=\"https:\/\/www.facebook.com\/cemab.srl\/\" \/>\n<meta property=\"article:modified_time\" content=\"2026-04-02T17:08:57+00:00\" \/>\n<meta property=\"og:image\" content=\"http:\/\/cemab.com\/2016\/wp-content\/uploads\/logo-home.jpg\" \/>\n<meta name=\"twitter:card\" content=\"summary_large_image\" \/>\n<meta name=\"twitter:site\" content=\"@cemabsrl\" \/>\n<meta name=\"twitter:label1\" content=\"Est. reading time\" \/>\n\t<meta name=\"twitter:data1\" content=\"4 minutes\" \/>\n<script type=\"application\/ld+json\" class=\"yoast-schema-graph\">{\"@context\":\"https:\/\/schema.org\",\"@graph\":[{\"@type\":\"WebPage\",\"@id\":\"https:\/\/cemab.com\/fr\/offre-2\/\",\"url\":\"https:\/\/cemab.com\/fr\/offre-2\/\",\"name\":\"Offre - Cemab srl - Espositori in legno ad incastro\",\"isPartOf\":{\"@id\":\"https:\/\/cemab.com\/fr\/#website\"},\"datePublished\":\"2023-01-26T17:02:33+00:00\",\"dateModified\":\"2026-04-02T17:08:57+00:00\",\"breadcrumb\":{\"@id\":\"https:\/\/cemab.com\/fr\/offre-2\/#breadcrumb\"},\"inLanguage\":\"fr-FR\",\"potentialAction\":[{\"@type\":\"ReadAction\",\"target\":[\"https:\/\/cemab.com\/fr\/offre-2\/\"]}]},{\"@type\":\"BreadcrumbList\",\"@id\":\"https:\/\/cemab.com\/fr\/offre-2\/#breadcrumb\",\"itemListElement\":[{\"@type\":\"ListItem\",\"position\":1,\"name\":\"Home\",\"item\":\"https:\/\/cemab.com\/fr\/\"},{\"@type\":\"ListItem\",\"position\":2,\"name\":\"Offre\"}]},{\"@type\":\"WebSite\",\"@id\":\"https:\/\/cemab.com\/fr\/#website\",\"url\":\"https:\/\/cemab.com\/fr\/\",\"name\":\"Cemab srl - Espositori in legno ad incastro\",\"description\":\"espositori in legno ad incastro :: wooden display in kit :: holz display :: pr\u00e9sentoirs en bois :: expositores de madera\",\"publisher\":{\"@id\":\"https:\/\/cemab.com\/fr\/#organization\"},\"potentialAction\":[{\"@type\":\"SearchAction\",\"target\":{\"@type\":\"EntryPoint\",\"urlTemplate\":\"https:\/\/cemab.com\/fr\/?s={search_term_string}\"},\"query-input\":{\"@type\":\"PropertyValueSpecification\",\"valueRequired\":true,\"valueName\":\"search_term_string\"}}],\"inLanguage\":\"fr-FR\"},{\"@type\":\"Organization\",\"@id\":\"https:\/\/cemab.com\/fr\/#organization\",\"name\":\"Cemab srl\",\"url\":\"https:\/\/cemab.com\/fr\/\",\"logo\":{\"@type\":\"ImageObject\",\"inLanguage\":\"fr-FR\",\"@id\":\"https:\/\/cemab.com\/fr\/#\/schema\/logo\/image\/\",\"url\":\"https:\/\/cemab.com\/2016\/wp-content\/uploads\/cemab.png\",\"contentUrl\":\"https:\/\/cemab.com\/2016\/wp-content\/uploads\/cemab.png\",\"width\":250,\"height\":60,\"caption\":\"Cemab srl\"},\"image\":{\"@id\":\"https:\/\/cemab.com\/fr\/#\/schema\/logo\/image\/\"},\"sameAs\":[\"https:\/\/www.facebook.com\/cemab.srl\/\",\"https:\/\/x.com\/cemabsrl\",\"https:\/\/www.instagram.com\/cemabsrl\/\",\"https:\/\/it.pinterest.com\/cemabsrl\/\",\"https:\/\/www.youtube.com\/user\/00Cemab00\"]}]}<\/script>\n<!-- \/ Yoast SEO plugin. -->","yoast_head_json":{"title":"Offre - Cemab srl - Espositori in legno ad incastro","robots":{"index":"index","follow":"follow","max-snippet":"max-snippet:-1","max-image-preview":"max-image-preview:large","max-video-preview":"max-video-preview:-1"},"canonical":"https:\/\/cemab.com\/fr\/offre-2\/","og_locale":"fr_FR","og_type":"article","og_title":"Offre - Cemab srl - Espositori in legno ad incastro","og_url":"https:\/\/cemab.com\/fr\/offre-2\/","og_site_name":"Cemab srl - Espositori in legno ad incastro","article_publisher":"https:\/\/www.facebook.com\/cemab.srl\/","article_modified_time":"2026-04-02T17:08:57+00:00","og_image":[{"url":"http:\/\/cemab.com\/2016\/wp-content\/uploads\/logo-home.jpg","type":"","width":"","height":""}],"twitter_card":"summary_large_image","twitter_site":"@cemabsrl","twitter_misc":{"Est. reading time":"4 minutes"},"schema":{"@context":"https:\/\/schema.org","@graph":[{"@type":"WebPage","@id":"https:\/\/cemab.com\/fr\/offre-2\/","url":"https:\/\/cemab.com\/fr\/offre-2\/","name":"Offre - Cemab srl - Espositori in legno ad incastro","isPartOf":{"@id":"https:\/\/cemab.com\/fr\/#website"},"datePublished":"2023-01-26T17:02:33+00:00","dateModified":"2026-04-02T17:08:57+00:00","breadcrumb":{"@id":"https:\/\/cemab.com\/fr\/offre-2\/#breadcrumb"},"inLanguage":"fr-FR","potentialAction":[{"@type":"ReadAction","target":["https:\/\/cemab.com\/fr\/offre-2\/"]}]},{"@type":"BreadcrumbList","@id":"https:\/\/cemab.com\/fr\/offre-2\/#breadcrumb","itemListElement":[{"@type":"ListItem","position":1,"name":"Home","item":"https:\/\/cemab.com\/fr\/"},{"@type":"ListItem","position":2,"name":"Offre"}]},{"@type":"WebSite","@id":"https:\/\/cemab.com\/fr\/#website","url":"https:\/\/cemab.com\/fr\/","name":"Cemab srl - Espositori in legno ad incastro","description":"espositori in legno ad incastro :: wooden display in kit :: holz display :: pr\u00e9sentoirs en bois :: expositores de madera","publisher":{"@id":"https:\/\/cemab.com\/fr\/#organization"},"potentialAction":[{"@type":"SearchAction","target":{"@type":"EntryPoint","urlTemplate":"https:\/\/cemab.com\/fr\/?s={search_term_string}"},"query-input":{"@type":"PropertyValueSpecification","valueRequired":true,"valueName":"search_term_string"}}],"inLanguage":"fr-FR"},{"@type":"Organization","@id":"https:\/\/cemab.com\/fr\/#organization","name":"Cemab srl","url":"https:\/\/cemab.com\/fr\/","logo":{"@type":"ImageObject","inLanguage":"fr-FR","@id":"https:\/\/cemab.com\/fr\/#\/schema\/logo\/image\/","url":"https:\/\/cemab.com\/2016\/wp-content\/uploads\/cemab.png","contentUrl":"https:\/\/cemab.com\/2016\/wp-content\/uploads\/cemab.png","width":250,"height":60,"caption":"Cemab srl"},"image":{"@id":"https:\/\/cemab.com\/fr\/#\/schema\/logo\/image\/"},"sameAs":["https:\/\/www.facebook.com\/cemab.srl\/","https:\/\/x.com\/cemabsrl","https:\/\/www.instagram.com\/cemabsrl\/","https:\/\/it.pinterest.com\/cemabsrl\/","https:\/\/www.youtube.com\/user\/00Cemab00"]}]}},"_links":{"self":[{"href":"https:\/\/cemab.com\/fr\/wp-json\/wp\/v2\/pages\/26680","targetHints":{"allow":["GET"]}}],"collection":[{"href":"https:\/\/cemab.com\/fr\/wp-json\/wp\/v2\/pages"}],"about":[{"href":"https:\/\/cemab.com\/fr\/wp-json\/wp\/v2\/types\/page"}],"author":[{"embeddable":true,"href":"https:\/\/cemab.com\/fr\/wp-json\/wp\/v2\/users\/3"}],"replies":[{"embeddable":true,"href":"https:\/\/cemab.com\/fr\/wp-json\/wp\/v2\/comments?post=26680"}],"version-history":[{"count":0,"href":"https:\/\/cemab.com\/fr\/wp-json\/wp\/v2\/pages\/26680\/revisions"}],"wp:attachment":[{"href":"https:\/\/cemab.com\/fr\/wp-json\/wp\/v2\/media?parent=26680"}],"curies":[{"name":"wp","href":"https:\/\/api.w.org\/{rel}","templated":true}]}}