{"id":9758,"date":"2016-09-06T09:55:00","date_gmt":"2016-09-06T07:55:00","guid":{"rendered":"https:\/\/cemab.com\/catalogo\/senza%20categoria\/europa-63\/"},"modified":"2018-10-19T09:00:20","modified_gmt":"2018-10-19T07:00:20","slug":"europa-63","status":"publish","type":"product","link":"https:\/\/cemab.com\/es\/catalogo\/expositores-de-suelo\/europa-63\/","title":{"rendered":"Europa 63"},"content":{"rendered":"<h3>Expositor de tierra modelo Europa 63 con 4 o 5 baldas, personalizable con logo y color.<\/h3>\n<p>Este estante con baldas es la opci\u00f3n ideal para resaltar los productos de su empresa, de su negocio, en las tiendas o supermercados: art\u00edculos para el hogar, productos alimenticios, productos de belleza, electr\u00f3nica y mucho m\u00e1s. Los expositores de madera son lo mejor para vender m\u00e1s.<br \/>\nPuede hacer que cada expositor sea \u00fanico al elegir la impresi\u00f3n de su logotipo, los colores y el acabado brillante con berniz luciente; o solicitar un expositor completamente personalizado en forma y tama\u00f1o. Nuestros expositores est\u00e1n hechos de madera, en kit de para un montaje r\u00e1pido sin herramientas. Cada expositor se env\u00eda desmontado con instrucciones f\u00e1ciles y empaquetado individualmente, para un transporte econ\u00f3mico.<br \/>\nMire nuestro cat\u00e1logo para encontrar expositores de tierra y de sobremesa en madera, con estantes, con ganchos, etc.<\/p>\n<p>Solicite una cotizaci\u00f3n y aproveche las ofertas y descuentos para grandes cantidades.<\/p>\n<p>&nbsp;<\/p>\n<div id=\"productInfoContainer\" class=\"productInfoContainer\">\n<p id=\"cbftssection\" class=\"productInformation prodInfoSub keyFeaturesMargin\"><strong>Caracter\u00edsticas principales<\/strong><br \/>\n&#8211; El producto se env\u00eda desmontado con instrucciones sencillas.<br \/>\n&#8211; madera de 9 mm de grueso.<\/p>\n","protected":false},"excerpt":{"rendered":"<div class=\"sizeprod\" style=\"text-align: center; font-size: 1.1em !important;\">L 53 x P 32 x H 175 cm<\/div>\n<div class=\"shortdesc-prezzo\"><strong>Prezzo di offerta:<\/strong><\/p>\n<p><span class=\"prezzi-offerta\">desde 100 hasta 46,00 \u20ac<\/span><\/p>\n<p class=\"note-prezzo\">el precio de cada expositor depende de la cantidad solicitada<\/p>\n<\/div>\n<div class=\"shortdesc\">Expositor de tierra en madera, con baldas. Pueden eligir el color e imprimir vuestro logo.<\/div>\n<div class=\"shortdesc\"><strong>Medidas netas:<\/strong><br \/>\nAltura: 175cm<br \/>\nAncho: 63 cm<br \/>\nProfundo: 32 cm<br \/>\nEntre baldas: 26cm (5 baldas) \/ 35 cm (4 baldas)<br \/>\nPeso maximo por cada balda: 20 kg<\/p>\n<\/div>\n<div class=\"callus\">\n<p class=\"productInformation prodInfoSub\">Para solicitar informaci\u00f3nes, precios, colores, etc. de esto o de otros expositores de suelo o sobremesa, pueden escribir a info@cemab.it o llamar por telefono el numero 0039 0998293702.  Siempre os contestar\u00e0 una persona que habla espa\u00f1ol y buscar\u00e0 la mejor soluci\u00f3n para vosotros.<\/p>\n<\/div>\n","protected":false},"featured_media":11890,"template":"","meta":{"_acf_changed":false,"om_disable_all_campaigns":false},"product_brand":[],"product_cat":[133],"product_tag":[147,143,142],"class_list":{"0":"post-9758","1":"product","2":"type-product","3":"status-publish","4":"has-post-thumbnail","6":"product_cat-expositores-de-suelo","7":"product_tag-linea-standard-es","8":"product_tag-personalizzabile-es","9":"product_tag-ripiani-es","11":"first","12":"instock","13":"shipping-taxable","14":"product-type-simple"},"acf":[],"yoast_head":"<!-- This site is optimized with the Yoast SEO plugin v26.8 - https:\/\/yoast.com\/product\/yoast-seo-wordpress\/ -->\n<title>Europa 63 in offerta - Espositore da terra in legno ad incastro<\/title>\n<meta name=\"description\" content=\"Offerta sconto fino a -54%. Europa 63, espositore da terra in legno da 4 o 5 piani, personalizzabile con grafica e colore a scelta. Montaggio ad incastro.\" \/>\n<meta name=\"robots\" content=\"index, follow, max-snippet:-1, max-image-preview:large, max-video-preview:-1\" \/>\n<link rel=\"canonical\" href=\"https:\/\/cemab.com\/es\/catalogo\/expositores-de-suelo\/europa-63\/\" \/>\n<meta property=\"og:locale\" content=\"es_ES\" \/>\n<meta property=\"og:type\" content=\"article\" \/>\n<meta property=\"og:title\" content=\"Europa 63 in offerta - Espositore da terra in legno ad incastro\" \/>\n<meta property=\"og:description\" content=\"Offerta sconto fino a -54%. Europa 63, espositore da terra in legno da 4 o 5 piani, personalizzabile con grafica e colore a scelta. Montaggio ad incastro.\" \/>\n<meta property=\"og:url\" content=\"https:\/\/cemab.com\/es\/catalogo\/expositores-de-suelo\/europa-63\/\" \/>\n<meta property=\"og:site_name\" content=\"Cemab srl - Espositori in legno ad incastro\" \/>\n<meta property=\"article:publisher\" content=\"https:\/\/www.facebook.com\/cemab.srl\/\" \/>\n<meta property=\"article:modified_time\" content=\"2018-10-19T07:00:20+00:00\" \/>\n<meta property=\"og:image\" content=\"https:\/\/cemab.com\/2016\/wp-content\/uploads\/espositori-in-legno-offerte-1.jpg\" \/>\n\t<meta property=\"og:image:width\" content=\"1140\" \/>\n\t<meta property=\"og:image:height\" content=\"1280\" \/>\n\t<meta property=\"og:image:type\" content=\"image\/jpeg\" \/>\n<meta name=\"twitter:card\" content=\"summary_large_image\" \/>\n<meta name=\"twitter:site\" content=\"@cemabsrl\" \/>\n<meta name=\"twitter:label1\" content=\"Tiempo de lectura\" \/>\n\t<meta name=\"twitter:data1\" content=\"1 minuto\" \/>\n<script type=\"application\/ld+json\" class=\"yoast-schema-graph\">{\"@context\":\"https:\/\/schema.org\",\"@graph\":[{\"@type\":\"WebPage\",\"@id\":\"https:\/\/cemab.com\/es\/catalogo\/expositores-de-suelo\/europa-63\/\",\"url\":\"https:\/\/cemab.com\/es\/catalogo\/expositores-de-suelo\/europa-63\/\",\"name\":\"Europa 63 in offerta - Espositore da terra in legno ad incastro\",\"isPartOf\":{\"@id\":\"https:\/\/cemab.com\/es\/#website\"},\"primaryImageOfPage\":{\"@id\":\"https:\/\/cemab.com\/es\/catalogo\/expositores-de-suelo\/europa-63\/#primaryimage\"},\"image\":{\"@id\":\"https:\/\/cemab.com\/es\/catalogo\/expositores-de-suelo\/europa-63\/#primaryimage\"},\"thumbnailUrl\":\"https:\/\/cemab.com\/2016\/wp-content\/uploads\/espositori-in-legno-offerte-1.jpg\",\"datePublished\":\"2016-09-06T07:55:00+00:00\",\"dateModified\":\"2018-10-19T07:00:20+00:00\",\"description\":\"Offerta sconto fino a -54%. Europa 63, espositore da terra in legno da 4 o 5 piani, personalizzabile con grafica e colore a scelta. Montaggio ad incastro.\",\"breadcrumb\":{\"@id\":\"https:\/\/cemab.com\/es\/catalogo\/expositores-de-suelo\/europa-63\/#breadcrumb\"},\"inLanguage\":\"es\",\"potentialAction\":[{\"@type\":\"ReadAction\",\"target\":[\"https:\/\/cemab.com\/es\/catalogo\/expositores-de-suelo\/europa-63\/\"]}]},{\"@type\":\"ImageObject\",\"inLanguage\":\"es\",\"@id\":\"https:\/\/cemab.com\/es\/catalogo\/expositores-de-suelo\/europa-63\/#primaryimage\",\"url\":\"https:\/\/cemab.com\/2016\/wp-content\/uploads\/espositori-in-legno-offerte-1.jpg\",\"contentUrl\":\"https:\/\/cemab.com\/2016\/wp-content\/uploads\/espositori-in-legno-offerte-1.jpg\",\"width\":1140,\"height\":1280},{\"@type\":\"BreadcrumbList\",\"@id\":\"https:\/\/cemab.com\/es\/catalogo\/expositores-de-suelo\/europa-63\/#breadcrumb\",\"itemListElement\":[{\"@type\":\"ListItem\",\"position\":1,\"name\":\"Home\",\"item\":\"https:\/\/cemab.com\/es\/\"},{\"@type\":\"ListItem\",\"position\":2,\"name\":\"Catalogo\",\"item\":\"https:\/\/cemab.com\/catalogo\/\"},{\"@type\":\"ListItem\",\"position\":3,\"name\":\"Expositores de Suelo\",\"item\":\"https:\/\/cemab.com\/es\/categoria-producto\/expositores-de-suelo\/\"},{\"@type\":\"ListItem\",\"position\":4,\"name\":\"Europa 63\"}]},{\"@type\":\"WebSite\",\"@id\":\"https:\/\/cemab.com\/es\/#website\",\"url\":\"https:\/\/cemab.com\/es\/\",\"name\":\"Cemab srl - Espositori in legno ad incastro\",\"description\":\"espositori in legno ad incastro :: wooden display in kit :: holz display :: pr\u00e9sentoirs en bois :: expositores de madera\",\"publisher\":{\"@id\":\"https:\/\/cemab.com\/es\/#organization\"},\"potentialAction\":[{\"@type\":\"SearchAction\",\"target\":{\"@type\":\"EntryPoint\",\"urlTemplate\":\"https:\/\/cemab.com\/es\/?s={search_term_string}\"},\"query-input\":{\"@type\":\"PropertyValueSpecification\",\"valueRequired\":true,\"valueName\":\"search_term_string\"}}],\"inLanguage\":\"es\"},{\"@type\":\"Organization\",\"@id\":\"https:\/\/cemab.com\/es\/#organization\",\"name\":\"Cemab srl\",\"url\":\"https:\/\/cemab.com\/es\/\",\"logo\":{\"@type\":\"ImageObject\",\"inLanguage\":\"es\",\"@id\":\"https:\/\/cemab.com\/es\/#\/schema\/logo\/image\/\",\"url\":\"https:\/\/cemab.com\/2016\/wp-content\/uploads\/cemab.png\",\"contentUrl\":\"https:\/\/cemab.com\/2016\/wp-content\/uploads\/cemab.png\",\"width\":250,\"height\":60,\"caption\":\"Cemab srl\"},\"image\":{\"@id\":\"https:\/\/cemab.com\/es\/#\/schema\/logo\/image\/\"},\"sameAs\":[\"https:\/\/www.facebook.com\/cemab.srl\/\",\"https:\/\/x.com\/cemabsrl\",\"https:\/\/www.instagram.com\/cemabsrl\/\",\"https:\/\/it.pinterest.com\/cemabsrl\/\",\"https:\/\/www.youtube.com\/user\/00Cemab00\"]}]}<\/script>\n<!-- \/ Yoast SEO plugin. -->","yoast_head_json":{"title":"Europa 63 in offerta - Espositore da terra in legno ad incastro","description":"Offerta sconto fino a -54%. Europa 63, espositore da terra in legno da 4 o 5 piani, personalizzabile con grafica e colore a scelta. Montaggio ad incastro.","robots":{"index":"index","follow":"follow","max-snippet":"max-snippet:-1","max-image-preview":"max-image-preview:large","max-video-preview":"max-video-preview:-1"},"canonical":"https:\/\/cemab.com\/es\/catalogo\/expositores-de-suelo\/europa-63\/","og_locale":"es_ES","og_type":"article","og_title":"Europa 63 in offerta - Espositore da terra in legno ad incastro","og_description":"Offerta sconto fino a -54%. Europa 63, espositore da terra in legno da 4 o 5 piani, personalizzabile con grafica e colore a scelta. Montaggio ad incastro.","og_url":"https:\/\/cemab.com\/es\/catalogo\/expositores-de-suelo\/europa-63\/","og_site_name":"Cemab srl - Espositori in legno ad incastro","article_publisher":"https:\/\/www.facebook.com\/cemab.srl\/","article_modified_time":"2018-10-19T07:00:20+00:00","og_image":[{"width":1140,"height":1280,"url":"https:\/\/cemab.com\/2016\/wp-content\/uploads\/espositori-in-legno-offerte-1.jpg","type":"image\/jpeg"}],"twitter_card":"summary_large_image","twitter_site":"@cemabsrl","twitter_misc":{"Tiempo de lectura":"1 minuto"},"schema":{"@context":"https:\/\/schema.org","@graph":[{"@type":"WebPage","@id":"https:\/\/cemab.com\/es\/catalogo\/expositores-de-suelo\/europa-63\/","url":"https:\/\/cemab.com\/es\/catalogo\/expositores-de-suelo\/europa-63\/","name":"Europa 63 in offerta - Espositore da terra in legno ad incastro","isPartOf":{"@id":"https:\/\/cemab.com\/es\/#website"},"primaryImageOfPage":{"@id":"https:\/\/cemab.com\/es\/catalogo\/expositores-de-suelo\/europa-63\/#primaryimage"},"image":{"@id":"https:\/\/cemab.com\/es\/catalogo\/expositores-de-suelo\/europa-63\/#primaryimage"},"thumbnailUrl":"https:\/\/cemab.com\/2016\/wp-content\/uploads\/espositori-in-legno-offerte-1.jpg","datePublished":"2016-09-06T07:55:00+00:00","dateModified":"2018-10-19T07:00:20+00:00","description":"Offerta sconto fino a -54%. Europa 63, espositore da terra in legno da 4 o 5 piani, personalizzabile con grafica e colore a scelta. Montaggio ad incastro.","breadcrumb":{"@id":"https:\/\/cemab.com\/es\/catalogo\/expositores-de-suelo\/europa-63\/#breadcrumb"},"inLanguage":"es","potentialAction":[{"@type":"ReadAction","target":["https:\/\/cemab.com\/es\/catalogo\/expositores-de-suelo\/europa-63\/"]}]},{"@type":"ImageObject","inLanguage":"es","@id":"https:\/\/cemab.com\/es\/catalogo\/expositores-de-suelo\/europa-63\/#primaryimage","url":"https:\/\/cemab.com\/2016\/wp-content\/uploads\/espositori-in-legno-offerte-1.jpg","contentUrl":"https:\/\/cemab.com\/2016\/wp-content\/uploads\/espositori-in-legno-offerte-1.jpg","width":1140,"height":1280},{"@type":"BreadcrumbList","@id":"https:\/\/cemab.com\/es\/catalogo\/expositores-de-suelo\/europa-63\/#breadcrumb","itemListElement":[{"@type":"ListItem","position":1,"name":"Home","item":"https:\/\/cemab.com\/es\/"},{"@type":"ListItem","position":2,"name":"Catalogo","item":"https:\/\/cemab.com\/catalogo\/"},{"@type":"ListItem","position":3,"name":"Expositores de Suelo","item":"https:\/\/cemab.com\/es\/categoria-producto\/expositores-de-suelo\/"},{"@type":"ListItem","position":4,"name":"Europa 63"}]},{"@type":"WebSite","@id":"https:\/\/cemab.com\/es\/#website","url":"https:\/\/cemab.com\/es\/","name":"Cemab srl - Espositori in legno ad incastro","description":"espositori in legno ad incastro :: wooden display in kit :: holz display :: pr\u00e9sentoirs en bois :: expositores de madera","publisher":{"@id":"https:\/\/cemab.com\/es\/#organization"},"potentialAction":[{"@type":"SearchAction","target":{"@type":"EntryPoint","urlTemplate":"https:\/\/cemab.com\/es\/?s={search_term_string}"},"query-input":{"@type":"PropertyValueSpecification","valueRequired":true,"valueName":"search_term_string"}}],"inLanguage":"es"},{"@type":"Organization","@id":"https:\/\/cemab.com\/es\/#organization","name":"Cemab srl","url":"https:\/\/cemab.com\/es\/","logo":{"@type":"ImageObject","inLanguage":"es","@id":"https:\/\/cemab.com\/es\/#\/schema\/logo\/image\/","url":"https:\/\/cemab.com\/2016\/wp-content\/uploads\/cemab.png","contentUrl":"https:\/\/cemab.com\/2016\/wp-content\/uploads\/cemab.png","width":250,"height":60,"caption":"Cemab srl"},"image":{"@id":"https:\/\/cemab.com\/es\/#\/schema\/logo\/image\/"},"sameAs":["https:\/\/www.facebook.com\/cemab.srl\/","https:\/\/x.com\/cemabsrl","https:\/\/www.instagram.com\/cemabsrl\/","https:\/\/it.pinterest.com\/cemabsrl\/","https:\/\/www.youtube.com\/user\/00Cemab00"]}]}},"_links":{"self":[{"href":"https:\/\/cemab.com\/es\/wp-json\/wp\/v2\/product\/9758","targetHints":{"allow":["GET"]}}],"collection":[{"href":"https:\/\/cemab.com\/es\/wp-json\/wp\/v2\/product"}],"about":[{"href":"https:\/\/cemab.com\/es\/wp-json\/wp\/v2\/types\/product"}],"wp:featuredmedia":[{"embeddable":true,"href":"https:\/\/cemab.com\/es\/wp-json\/wp\/v2\/media\/11890"}],"wp:attachment":[{"href":"https:\/\/cemab.com\/es\/wp-json\/wp\/v2\/media?parent=9758"}],"wp:term":[{"taxonomy":"product_brand","embeddable":true,"href":"https:\/\/cemab.com\/es\/wp-json\/wp\/v2\/product_brand?post=9758"},{"taxonomy":"product_cat","embeddable":true,"href":"https:\/\/cemab.com\/es\/wp-json\/wp\/v2\/product_cat?post=9758"},{"taxonomy":"product_tag","embeddable":true,"href":"https:\/\/cemab.com\/es\/wp-json\/wp\/v2\/product_tag?post=9758"}],"curies":[{"name":"wp","href":"https:\/\/api.w.org\/{rel}","templated":true}]}}