{"id":10519,"date":"2016-10-05T11:48:04","date_gmt":"2016-10-05T09:48:04","guid":{"rendered":"https:\/\/cemab.com\/catalogo\/senza%20categoria\/alpes\/"},"modified":"2025-02-22T12:59:33","modified_gmt":"2025-02-22T11:59:33","slug":"alpes","status":"publish","type":"product","link":"https:\/\/cemab.com\/de\/katalog\/bodendsplays\/alpes\/","title":{"rendered":"Alpes"},"content":{"rendered":"<p data-start=\"0\" data-end=\"367\">L&#8217;espositore in legno Cemab, ALPES, \u00e8 un perfetto connubio di design raffinato e funzionalit\u00e0, pensato per valorizzare in modo elegante i prodotti che vi vengono esposti. La sua struttura, realizzata in legno di alta qualit\u00e0 e robustezza, \u00e8 concepita con una tecnica ad incastro che elimina la necessit\u00e0 di viti o colle, garantendo un aspetto pulito e una resistenza duratura nel tempo.<\/p>\n<p data-start=\"369\" data-end=\"400\"><strong data-start=\"369\" data-end=\"400\">Caratteristiche principali:<\/strong><\/p>\n<ul data-start=\"402\" data-end=\"1389\">\n<li data-start=\"402\" data-end=\"594\"><strong data-start=\"404\" data-end=\"431\">Artigianalit\u00e0 e Design:<\/strong> La lavorazione in legno compensato, con attenzione ai dettagli, esalta le venature naturali del materiale, conferendo un tocco caldo e sofisticato ad ogni ambiente.<\/li>\n<li data-start=\"595\" data-end=\"798\"><strong data-start=\"597\" data-end=\"621\">Tecnica ad Incastro:<\/strong> L\u2019innovativo sistema di incastro non solo semplifica l\u2019assemblaggio e lo smontaggio, ma assicura anche una robustezza superiore, rendendo l\u2019espositore un investimento duraturo.<\/li>\n<li data-start=\"799\" data-end=\"978\"><strong data-start=\"801\" data-end=\"826\">Estetica Minimalista:<\/strong> Il design lineare e pulito si adatta perfettamente a spazi moderni e minimalisti, creando un punto focale che attira l\u2019attenzione sui prodotti esposti.<\/li>\n<li data-start=\"979\" data-end=\"1173\"><strong data-start=\"981\" data-end=\"1003\">Versatilit\u00e0 d\u2019Uso:<\/strong> Ideale per negozi, boutique o spazi domestici, questo espositore valorizza ogni prodotto, trasformandolo in un elemento di design che arricchisce l\u2019ambiente circostante.<\/li>\n<li data-start=\"1174\" data-end=\"1389\"><strong data-start=\"1176\" data-end=\"1194\">Sostenibilit\u00e0:<\/strong> La scelta del legno e la cura artigianale nella sua realizzazione riflettono un impegno verso la sostenibilit\u00e0 e il rispetto dell\u2019ambiente, qualit\u00e0 sempre pi\u00f9 apprezzate dai consumatori moderni.<\/li>\n<\/ul>\n<p data-start=\"1391\" data-end=\"1696\" data-is-last-node=\"\" data-is-only-node=\"\">In sintesi, l&#8217;espositore in legno ad incastro di Cemab \u00e8 la soluzione ideale per chi desidera combinare estetica, funzionalit\u00e0 e qualit\u00e0 artigianale in un unico prodotto. \u00c8 la scelta perfetta per chi vuole distinguersi, creando un&#8217;atmosfera elegante e accogliente che esalta il valore dei propri prodotti.<\/p>\n","protected":false},"excerpt":{"rendered":"<div class=\"sizeprod\" style=\"text-align: center; font-size: 1.1em !important;\">L 100 x P 50 \/ 30 x H 202 cm<\/div>\n<div class=\"shortdesc\">\n<p>Espositore da terra in legno di betulla, personalizzabile nel colore e nella stampa del logo o della grafica in alta definizione. Nella foto un esempio di utilizzo dell&#8217;espositore per fragranze ed essenze profumate per ambienti.<\/p>\n<p><strong>Dimensioni interne:<\/strong><\/p>\n<p>Altezza: 202 cm<br \/>\nLarghezza: 100 cm<br \/>\nProfondit\u00e0: 50 \/ 30 cm<br \/>\nInterpiano: 27 cm<\/p>\n<\/div>\n<div class=\"callus\">\n<p class=\"productInformation prodInfoSub\"><strong>Per richiedere i prezzi e scoprire come personalizzare dimensioni, ripiani, colori e loghi, manda una email oppure chiamaci:<\/strong><\/p>\n<p class=\"productInformation prodInfoSub\"><a href=\"tel:800-148764\"><img decoding=\"async\" class=\"alignnone size-full wp-image-6096\" src=\"https:\/\/cemab.com\/2016\/wp-content\/uploads\/chiamaci.jpg\" alt=\"chiamaci\" width=\"150\" height=\"56\" \/><\/a><\/p>\n<\/div>\n","protected":false},"featured_media":12164,"template":"","meta":{"_acf_changed":false,"om_disable_all_campaigns":false},"product_brand":[],"product_cat":[178],"product_tag":[190,181,182,192],"class_list":{"0":"post-10519","1":"product","2":"type-product","3":"status-publish","4":"has-post-thumbnail","6":"product_cat-bodendsplays","7":"product_tag-a-tema-de","8":"product_tag-personalizzabile-de","9":"product_tag-ripiani-de","10":"product_tag-stiva-de","12":"first","13":"instock","14":"shipping-taxable","15":"product-type-simple"},"acf":[],"yoast_head":"<!-- This site is optimized with the Yoast SEO plugin v26.8 - https:\/\/yoast.com\/product\/yoast-seo-wordpress\/ -->\n<title>Espositore in legno per Fragranze ed Essenze profumate per Ambiente<\/title>\n<meta name=\"robots\" content=\"index, follow, max-snippet:-1, max-image-preview:large, max-video-preview:-1\" \/>\n<link rel=\"canonical\" href=\"https:\/\/cemab.com\/de\/katalog\/bodendsplays\/alpes\/\" \/>\n<meta property=\"og:locale\" content=\"de_DE\" \/>\n<meta property=\"og:type\" content=\"article\" \/>\n<meta property=\"og:title\" content=\"Espositore in legno per Fragranze ed Essenze profumate per Ambiente\" \/>\n<meta property=\"og:description\" content=\"L 100 x P 50 \/ 30 x H 202 cm   Espositore da terra in legno di betulla, personalizzabile nel colore e nella stampa del logo o della grafica in alta definizione. Nella foto un esempio di utilizzo dell&#039;espositore per fragranze ed essenze profumate per ambienti.  Dimensioni interne:  Altezza: 202 cm Larghezza: 100 cm Profondit\u00e0: 50 \/ 30 cm Interpiano: 27 cm    Per richiedere i prezzi e scoprire come personalizzare dimensioni, ripiani, colori e loghi, manda una email oppure chiamaci:\" \/>\n<meta property=\"og:url\" content=\"https:\/\/cemab.com\/de\/katalog\/bodendsplays\/alpes\/\" \/>\n<meta property=\"og:site_name\" content=\"Cemab srl - Espositori in legno ad incastro\" \/>\n<meta property=\"article:publisher\" content=\"https:\/\/www.facebook.com\/cemab.srl\/\" \/>\n<meta property=\"article:modified_time\" content=\"2025-02-22T11:59:33+00:00\" \/>\n<meta property=\"og:image\" content=\"https:\/\/cemab.com\/2016\/wp-content\/uploads\/espositore-per-fragranze-ambiente.jpg\" \/>\n\t<meta property=\"og:image:width\" content=\"1140\" \/>\n\t<meta property=\"og:image:height\" content=\"1280\" \/>\n\t<meta property=\"og:image:type\" content=\"image\/jpeg\" \/>\n<meta name=\"twitter:card\" content=\"summary_large_image\" \/>\n<meta name=\"twitter:site\" content=\"@cemabsrl\" \/>\n<meta name=\"twitter:label1\" content=\"Gesch\u00e4tzte Lesezeit\" \/>\n\t<meta name=\"twitter:data1\" content=\"1\u00a0Minute\" \/>\n<script type=\"application\/ld+json\" class=\"yoast-schema-graph\">{\"@context\":\"https:\/\/schema.org\",\"@graph\":[{\"@type\":\"WebPage\",\"@id\":\"https:\/\/cemab.com\/de\/katalog\/bodendsplays\/alpes\/\",\"url\":\"https:\/\/cemab.com\/de\/katalog\/bodendsplays\/alpes\/\",\"name\":\"Espositore in legno per Fragranze ed Essenze profumate per Ambiente\",\"isPartOf\":{\"@id\":\"https:\/\/cemab.com\/de\/#website\"},\"primaryImageOfPage\":{\"@id\":\"https:\/\/cemab.com\/de\/katalog\/bodendsplays\/alpes\/#primaryimage\"},\"image\":{\"@id\":\"https:\/\/cemab.com\/de\/katalog\/bodendsplays\/alpes\/#primaryimage\"},\"thumbnailUrl\":\"https:\/\/cemab.com\/2016\/wp-content\/uploads\/espositore-per-fragranze-ambiente.jpg\",\"datePublished\":\"2016-10-05T09:48:04+00:00\",\"dateModified\":\"2025-02-22T11:59:33+00:00\",\"breadcrumb\":{\"@id\":\"https:\/\/cemab.com\/de\/katalog\/bodendsplays\/alpes\/#breadcrumb\"},\"inLanguage\":\"de\",\"potentialAction\":[{\"@type\":\"ReadAction\",\"target\":[\"https:\/\/cemab.com\/de\/katalog\/bodendsplays\/alpes\/\"]}]},{\"@type\":\"ImageObject\",\"inLanguage\":\"de\",\"@id\":\"https:\/\/cemab.com\/de\/katalog\/bodendsplays\/alpes\/#primaryimage\",\"url\":\"https:\/\/cemab.com\/2016\/wp-content\/uploads\/espositore-per-fragranze-ambiente.jpg\",\"contentUrl\":\"https:\/\/cemab.com\/2016\/wp-content\/uploads\/espositore-per-fragranze-ambiente.jpg\",\"width\":1140,\"height\":1280},{\"@type\":\"BreadcrumbList\",\"@id\":\"https:\/\/cemab.com\/de\/katalog\/bodendsplays\/alpes\/#breadcrumb\",\"itemListElement\":[{\"@type\":\"ListItem\",\"position\":1,\"name\":\"Home\",\"item\":\"https:\/\/cemab.com\/de\/\"},{\"@type\":\"ListItem\",\"position\":2,\"name\":\"Catalogo\",\"item\":\"https:\/\/cemab.com\/catalogo\/\"},{\"@type\":\"ListItem\",\"position\":3,\"name\":\"Bodendsplays\",\"item\":\"https:\/\/cemab.com\/de\/kategorie\/bodendsplays\/\"},{\"@type\":\"ListItem\",\"position\":4,\"name\":\"Alpes\"}]},{\"@type\":\"WebSite\",\"@id\":\"https:\/\/cemab.com\/de\/#website\",\"url\":\"https:\/\/cemab.com\/de\/\",\"name\":\"Cemab srl - Espositori in legno ad incastro\",\"description\":\"espositori in legno ad incastro :: wooden display in kit :: holz display :: pr\u00e9sentoirs en bois :: expositores de madera\",\"publisher\":{\"@id\":\"https:\/\/cemab.com\/de\/#organization\"},\"potentialAction\":[{\"@type\":\"SearchAction\",\"target\":{\"@type\":\"EntryPoint\",\"urlTemplate\":\"https:\/\/cemab.com\/de\/?s={search_term_string}\"},\"query-input\":{\"@type\":\"PropertyValueSpecification\",\"valueRequired\":true,\"valueName\":\"search_term_string\"}}],\"inLanguage\":\"de\"},{\"@type\":\"Organization\",\"@id\":\"https:\/\/cemab.com\/de\/#organization\",\"name\":\"Cemab srl\",\"url\":\"https:\/\/cemab.com\/de\/\",\"logo\":{\"@type\":\"ImageObject\",\"inLanguage\":\"de\",\"@id\":\"https:\/\/cemab.com\/de\/#\/schema\/logo\/image\/\",\"url\":\"https:\/\/cemab.com\/2016\/wp-content\/uploads\/cemab.png\",\"contentUrl\":\"https:\/\/cemab.com\/2016\/wp-content\/uploads\/cemab.png\",\"width\":250,\"height\":60,\"caption\":\"Cemab srl\"},\"image\":{\"@id\":\"https:\/\/cemab.com\/de\/#\/schema\/logo\/image\/\"},\"sameAs\":[\"https:\/\/www.facebook.com\/cemab.srl\/\",\"https:\/\/x.com\/cemabsrl\",\"https:\/\/www.instagram.com\/cemabsrl\/\",\"https:\/\/it.pinterest.com\/cemabsrl\/\",\"https:\/\/www.youtube.com\/user\/00Cemab00\"]}]}<\/script>\n<!-- \/ Yoast SEO plugin. -->","yoast_head_json":{"title":"Espositore in legno per Fragranze ed Essenze profumate per Ambiente","robots":{"index":"index","follow":"follow","max-snippet":"max-snippet:-1","max-image-preview":"max-image-preview:large","max-video-preview":"max-video-preview:-1"},"canonical":"https:\/\/cemab.com\/de\/katalog\/bodendsplays\/alpes\/","og_locale":"de_DE","og_type":"article","og_title":"Espositore in legno per Fragranze ed Essenze profumate per Ambiente","og_description":"L 100 x P 50 \/ 30 x H 202 cm   Espositore da terra in legno di betulla, personalizzabile nel colore e nella stampa del logo o della grafica in alta definizione. Nella foto un esempio di utilizzo dell'espositore per fragranze ed essenze profumate per ambienti.  Dimensioni interne:  Altezza: 202 cm Larghezza: 100 cm Profondit\u00e0: 50 \/ 30 cm Interpiano: 27 cm    Per richiedere i prezzi e scoprire come personalizzare dimensioni, ripiani, colori e loghi, manda una email oppure chiamaci:","og_url":"https:\/\/cemab.com\/de\/katalog\/bodendsplays\/alpes\/","og_site_name":"Cemab srl - Espositori in legno ad incastro","article_publisher":"https:\/\/www.facebook.com\/cemab.srl\/","article_modified_time":"2025-02-22T11:59:33+00:00","og_image":[{"width":1140,"height":1280,"url":"https:\/\/cemab.com\/2016\/wp-content\/uploads\/espositore-per-fragranze-ambiente.jpg","type":"image\/jpeg"}],"twitter_card":"summary_large_image","twitter_site":"@cemabsrl","twitter_misc":{"Gesch\u00e4tzte Lesezeit":"1\u00a0Minute"},"schema":{"@context":"https:\/\/schema.org","@graph":[{"@type":"WebPage","@id":"https:\/\/cemab.com\/de\/katalog\/bodendsplays\/alpes\/","url":"https:\/\/cemab.com\/de\/katalog\/bodendsplays\/alpes\/","name":"Espositore in legno per Fragranze ed Essenze profumate per Ambiente","isPartOf":{"@id":"https:\/\/cemab.com\/de\/#website"},"primaryImageOfPage":{"@id":"https:\/\/cemab.com\/de\/katalog\/bodendsplays\/alpes\/#primaryimage"},"image":{"@id":"https:\/\/cemab.com\/de\/katalog\/bodendsplays\/alpes\/#primaryimage"},"thumbnailUrl":"https:\/\/cemab.com\/2016\/wp-content\/uploads\/espositore-per-fragranze-ambiente.jpg","datePublished":"2016-10-05T09:48:04+00:00","dateModified":"2025-02-22T11:59:33+00:00","breadcrumb":{"@id":"https:\/\/cemab.com\/de\/katalog\/bodendsplays\/alpes\/#breadcrumb"},"inLanguage":"de","potentialAction":[{"@type":"ReadAction","target":["https:\/\/cemab.com\/de\/katalog\/bodendsplays\/alpes\/"]}]},{"@type":"ImageObject","inLanguage":"de","@id":"https:\/\/cemab.com\/de\/katalog\/bodendsplays\/alpes\/#primaryimage","url":"https:\/\/cemab.com\/2016\/wp-content\/uploads\/espositore-per-fragranze-ambiente.jpg","contentUrl":"https:\/\/cemab.com\/2016\/wp-content\/uploads\/espositore-per-fragranze-ambiente.jpg","width":1140,"height":1280},{"@type":"BreadcrumbList","@id":"https:\/\/cemab.com\/de\/katalog\/bodendsplays\/alpes\/#breadcrumb","itemListElement":[{"@type":"ListItem","position":1,"name":"Home","item":"https:\/\/cemab.com\/de\/"},{"@type":"ListItem","position":2,"name":"Catalogo","item":"https:\/\/cemab.com\/catalogo\/"},{"@type":"ListItem","position":3,"name":"Bodendsplays","item":"https:\/\/cemab.com\/de\/kategorie\/bodendsplays\/"},{"@type":"ListItem","position":4,"name":"Alpes"}]},{"@type":"WebSite","@id":"https:\/\/cemab.com\/de\/#website","url":"https:\/\/cemab.com\/de\/","name":"Cemab srl - Espositori in legno ad incastro","description":"espositori in legno ad incastro :: wooden display in kit :: holz display :: pr\u00e9sentoirs en bois :: expositores de madera","publisher":{"@id":"https:\/\/cemab.com\/de\/#organization"},"potentialAction":[{"@type":"SearchAction","target":{"@type":"EntryPoint","urlTemplate":"https:\/\/cemab.com\/de\/?s={search_term_string}"},"query-input":{"@type":"PropertyValueSpecification","valueRequired":true,"valueName":"search_term_string"}}],"inLanguage":"de"},{"@type":"Organization","@id":"https:\/\/cemab.com\/de\/#organization","name":"Cemab srl","url":"https:\/\/cemab.com\/de\/","logo":{"@type":"ImageObject","inLanguage":"de","@id":"https:\/\/cemab.com\/de\/#\/schema\/logo\/image\/","url":"https:\/\/cemab.com\/2016\/wp-content\/uploads\/cemab.png","contentUrl":"https:\/\/cemab.com\/2016\/wp-content\/uploads\/cemab.png","width":250,"height":60,"caption":"Cemab srl"},"image":{"@id":"https:\/\/cemab.com\/de\/#\/schema\/logo\/image\/"},"sameAs":["https:\/\/www.facebook.com\/cemab.srl\/","https:\/\/x.com\/cemabsrl","https:\/\/www.instagram.com\/cemabsrl\/","https:\/\/it.pinterest.com\/cemabsrl\/","https:\/\/www.youtube.com\/user\/00Cemab00"]}]}},"_links":{"self":[{"href":"https:\/\/cemab.com\/de\/wp-json\/wp\/v2\/product\/10519","targetHints":{"allow":["GET"]}}],"collection":[{"href":"https:\/\/cemab.com\/de\/wp-json\/wp\/v2\/product"}],"about":[{"href":"https:\/\/cemab.com\/de\/wp-json\/wp\/v2\/types\/product"}],"wp:featuredmedia":[{"embeddable":true,"href":"https:\/\/cemab.com\/de\/wp-json\/wp\/v2\/media\/12164"}],"wp:attachment":[{"href":"https:\/\/cemab.com\/de\/wp-json\/wp\/v2\/media?parent=10519"}],"wp:term":[{"taxonomy":"product_brand","embeddable":true,"href":"https:\/\/cemab.com\/de\/wp-json\/wp\/v2\/product_brand?post=10519"},{"taxonomy":"product_cat","embeddable":true,"href":"https:\/\/cemab.com\/de\/wp-json\/wp\/v2\/product_cat?post=10519"},{"taxonomy":"product_tag","embeddable":true,"href":"https:\/\/cemab.com\/de\/wp-json\/wp\/v2\/product_tag?post=10519"}],"curies":[{"name":"wp","href":"https:\/\/api.w.org\/{rel}","templated":true}]}}