{"id":10319,"date":"2016-10-21T09:35:02","date_gmt":"2016-10-21T07:35:02","guid":{"rendered":"https:\/\/cemab.com\/catalogo\/senza%20categoria\/desk\/"},"modified":"2020-03-19T14:14:50","modified_gmt":"2020-03-19T13:14:50","slug":"desk","status":"publish","type":"product","link":"https:\/\/cemab.com\/de\/katalog\/bodendsplays\/desk\/","title":{"rendered":"Desk"},"content":{"rendered":"<h3>Espositore da terra Desk, personalizzabile con grafica e colore a scelta.<\/h3>\n<p>L\u2019espositore da terra Desk\u00a0 \u00e8 un modello pratico e facile da montare, ideale per stand informativi in punti vendita e supermercati, eventi e fiere.<\/p>\n<p>Puoi rendere unico ogni espositore scegliendo la stampa del tuo logo, i colori e la finitura lucida, oppure chiedere un espositore completamente personalizzato per forma e dimensioni. I nostri espositori sono realizzati in legno, con la tecnica ad incastro per un montaggio veloce senza attrezzi. Ogni singolo espositore viene spedito smontato con facili istruzioni e confezionato singolarmente, per un trasporto economico.<\/p>\n<p>Sfoglia il catalogo per trovare <a href=\"https:\/\/cemab.com\/categoria\/espositori-da-terra\/\">espositori da terra<\/a> con ganci, con ripiani, bifacciali o a tema per eventi e festivit\u00e0. Se sei in cerca di altre interessanti occasioni, visita anche la sezione <a href=\"https:\/\/cemab.com\/categoria\/espositori-da-banco\/\">Espositori da banco<\/a>, dove troverai modelli interessanti, personalizzabili e super convenienti!<br \/>\nChiedi subito un <a href=\"https:\/\/cemab.com\/contattaci\/\">preventivo<\/a> e approfitta di offerte e sconti per grandi quantit\u00e0.<\/p>\n","protected":false},"excerpt":{"rendered":"<div class=\"sizeprod\" style=\"text-align: center; font-size: 1.1em !important;\">L 70 x P 50 x H 70 cm<\/div>\n<div class=\"shortdesc\">\n<p>Tavolo Espositore in legno, con ripiani interni, possibilit\u00e0 di scelta del colore del legno e personalizzabile con stampa in alta qualit\u00e0 del logo e della grafica. Il desk \u00e8 stabile e robusto con il\u00a0 sistema di montaggio ad incastro.<\/p>\n<p><strong>Dimensioni interne:<\/strong><\/p>\n<p>Altezza: 70 cm<br \/>\nLarghezza: 70 cm<br \/>\nProfondit\u00e0: 50 cm<br \/>\nInterpiano: &#8211; cm<\/p>\n<p class=\"productInformation prodInfoSub\"><strong>Per richiedere i prezzi e scoprire come personalizzare dimensioni, ripiani, colori e loghi, manda una email oppure chiamaci:<\/strong><\/p>\n<p class=\"productInformation prodInfoSub\"><a href=\"tel:800-148764\"><img decoding=\"async\" class=\"alignnone size-full wp-image-6096\" src=\"https:\/\/cemab.com\/2016\/wp-content\/uploads\/chiamaci.jpg\" alt=\"chiamaci\" width=\"150\" height=\"56\" \/><\/a><\/p>\n<\/div>\n","protected":false},"featured_media":18290,"template":"","meta":{"_acf_changed":false,"om_disable_all_campaigns":false},"product_brand":[],"product_cat":[178],"product_tag":[181,182],"class_list":{"0":"post-10319","1":"product","2":"type-product","3":"status-publish","4":"has-post-thumbnail","6":"product_cat-bodendsplays","7":"product_tag-personalizzabile-de","8":"product_tag-ripiani-de","10":"first","11":"instock","12":"shipping-taxable","13":"product-type-simple"},"acf":[],"yoast_head":"<!-- This site is optimized with the Yoast SEO plugin v26.8 - https:\/\/yoast.com\/product\/yoast-seo-wordpress\/ -->\n<title>Tavolo Espositore in legno, montaggio ad incastro, 100% personalizzabile<\/title>\n<meta name=\"description\" content=\"Scopri le offerte su Desk, espositore da terra in legno facile da montare. Ideale per stand informativi, punti vendita e supermercati, eventi e fiere.\" \/>\n<meta name=\"robots\" content=\"index, follow, max-snippet:-1, max-image-preview:large, max-video-preview:-1\" \/>\n<link rel=\"canonical\" href=\"https:\/\/cemab.com\/de\/katalog\/bodendsplays\/desk\/\" \/>\n<meta property=\"og:locale\" content=\"de_DE\" \/>\n<meta property=\"og:type\" content=\"article\" \/>\n<meta property=\"og:title\" content=\"Tavolo Espositore in legno, montaggio ad incastro, 100% personalizzabile\" \/>\n<meta property=\"og:description\" content=\"Scopri le offerte su Desk, espositore da terra in legno facile da montare. Ideale per stand informativi, punti vendita e supermercati, eventi e fiere.\" \/>\n<meta property=\"og:url\" content=\"https:\/\/cemab.com\/de\/katalog\/bodendsplays\/desk\/\" \/>\n<meta property=\"og:site_name\" content=\"Cemab srl - Espositori in legno ad incastro\" \/>\n<meta property=\"article:publisher\" content=\"https:\/\/www.facebook.com\/cemab.srl\/\" \/>\n<meta property=\"article:modified_time\" content=\"2020-03-19T13:14:50+00:00\" \/>\n<meta property=\"og:image\" content=\"https:\/\/cemab.com\/2016\/wp-content\/uploads\/espositore-desk-cemab-2020.jpg\" \/>\n\t<meta property=\"og:image:width\" content=\"1140\" \/>\n\t<meta property=\"og:image:height\" content=\"1280\" \/>\n\t<meta property=\"og:image:type\" content=\"image\/jpeg\" \/>\n<meta name=\"twitter:card\" content=\"summary_large_image\" \/>\n<meta name=\"twitter:site\" content=\"@cemabsrl\" \/>\n<meta name=\"twitter:label1\" content=\"Gesch\u00e4tzte Lesezeit\" \/>\n\t<meta name=\"twitter:data1\" content=\"1\u00a0Minute\" \/>\n<script type=\"application\/ld+json\" class=\"yoast-schema-graph\">{\"@context\":\"https:\/\/schema.org\",\"@graph\":[{\"@type\":\"WebPage\",\"@id\":\"https:\/\/cemab.com\/de\/katalog\/bodendsplays\/desk\/\",\"url\":\"https:\/\/cemab.com\/de\/katalog\/bodendsplays\/desk\/\",\"name\":\"Tavolo Espositore in legno, montaggio ad incastro, 100% personalizzabile\",\"isPartOf\":{\"@id\":\"https:\/\/cemab.com\/de\/#website\"},\"primaryImageOfPage\":{\"@id\":\"https:\/\/cemab.com\/de\/katalog\/bodendsplays\/desk\/#primaryimage\"},\"image\":{\"@id\":\"https:\/\/cemab.com\/de\/katalog\/bodendsplays\/desk\/#primaryimage\"},\"thumbnailUrl\":\"https:\/\/cemab.com\/2016\/wp-content\/uploads\/espositore-desk-cemab-2020.jpg\",\"datePublished\":\"2016-10-21T07:35:02+00:00\",\"dateModified\":\"2020-03-19T13:14:50+00:00\",\"description\":\"Scopri le offerte su Desk, espositore da terra in legno facile da montare. Ideale per stand informativi, punti vendita e supermercati, eventi e fiere.\",\"breadcrumb\":{\"@id\":\"https:\/\/cemab.com\/de\/katalog\/bodendsplays\/desk\/#breadcrumb\"},\"inLanguage\":\"de\",\"potentialAction\":[{\"@type\":\"ReadAction\",\"target\":[\"https:\/\/cemab.com\/de\/katalog\/bodendsplays\/desk\/\"]}]},{\"@type\":\"ImageObject\",\"inLanguage\":\"de\",\"@id\":\"https:\/\/cemab.com\/de\/katalog\/bodendsplays\/desk\/#primaryimage\",\"url\":\"https:\/\/cemab.com\/2016\/wp-content\/uploads\/espositore-desk-cemab-2020.jpg\",\"contentUrl\":\"https:\/\/cemab.com\/2016\/wp-content\/uploads\/espositore-desk-cemab-2020.jpg\",\"width\":1140,\"height\":1280},{\"@type\":\"BreadcrumbList\",\"@id\":\"https:\/\/cemab.com\/de\/katalog\/bodendsplays\/desk\/#breadcrumb\",\"itemListElement\":[{\"@type\":\"ListItem\",\"position\":1,\"name\":\"Home\",\"item\":\"https:\/\/cemab.com\/de\/\"},{\"@type\":\"ListItem\",\"position\":2,\"name\":\"Catalogo\",\"item\":\"https:\/\/cemab.com\/catalogo\/\"},{\"@type\":\"ListItem\",\"position\":3,\"name\":\"Bodendsplays\",\"item\":\"https:\/\/cemab.com\/de\/kategorie\/bodendsplays\/\"},{\"@type\":\"ListItem\",\"position\":4,\"name\":\"Desk\"}]},{\"@type\":\"WebSite\",\"@id\":\"https:\/\/cemab.com\/de\/#website\",\"url\":\"https:\/\/cemab.com\/de\/\",\"name\":\"Cemab srl - Espositori in legno ad incastro\",\"description\":\"espositori in legno ad incastro :: wooden display in kit :: holz display :: pr\u00e9sentoirs en bois :: expositores de madera\",\"publisher\":{\"@id\":\"https:\/\/cemab.com\/de\/#organization\"},\"potentialAction\":[{\"@type\":\"SearchAction\",\"target\":{\"@type\":\"EntryPoint\",\"urlTemplate\":\"https:\/\/cemab.com\/de\/?s={search_term_string}\"},\"query-input\":{\"@type\":\"PropertyValueSpecification\",\"valueRequired\":true,\"valueName\":\"search_term_string\"}}],\"inLanguage\":\"de\"},{\"@type\":\"Organization\",\"@id\":\"https:\/\/cemab.com\/de\/#organization\",\"name\":\"Cemab srl\",\"url\":\"https:\/\/cemab.com\/de\/\",\"logo\":{\"@type\":\"ImageObject\",\"inLanguage\":\"de\",\"@id\":\"https:\/\/cemab.com\/de\/#\/schema\/logo\/image\/\",\"url\":\"https:\/\/cemab.com\/2016\/wp-content\/uploads\/cemab.png\",\"contentUrl\":\"https:\/\/cemab.com\/2016\/wp-content\/uploads\/cemab.png\",\"width\":250,\"height\":60,\"caption\":\"Cemab srl\"},\"image\":{\"@id\":\"https:\/\/cemab.com\/de\/#\/schema\/logo\/image\/\"},\"sameAs\":[\"https:\/\/www.facebook.com\/cemab.srl\/\",\"https:\/\/x.com\/cemabsrl\",\"https:\/\/www.instagram.com\/cemabsrl\/\",\"https:\/\/it.pinterest.com\/cemabsrl\/\",\"https:\/\/www.youtube.com\/user\/00Cemab00\"]}]}<\/script>\n<!-- \/ Yoast SEO plugin. -->","yoast_head_json":{"title":"Tavolo Espositore in legno, montaggio ad incastro, 100% personalizzabile","description":"Scopri le offerte su Desk, espositore da terra in legno facile da montare. Ideale per stand informativi, punti vendita e supermercati, eventi e fiere.","robots":{"index":"index","follow":"follow","max-snippet":"max-snippet:-1","max-image-preview":"max-image-preview:large","max-video-preview":"max-video-preview:-1"},"canonical":"https:\/\/cemab.com\/de\/katalog\/bodendsplays\/desk\/","og_locale":"de_DE","og_type":"article","og_title":"Tavolo Espositore in legno, montaggio ad incastro, 100% personalizzabile","og_description":"Scopri le offerte su Desk, espositore da terra in legno facile da montare. Ideale per stand informativi, punti vendita e supermercati, eventi e fiere.","og_url":"https:\/\/cemab.com\/de\/katalog\/bodendsplays\/desk\/","og_site_name":"Cemab srl - Espositori in legno ad incastro","article_publisher":"https:\/\/www.facebook.com\/cemab.srl\/","article_modified_time":"2020-03-19T13:14:50+00:00","og_image":[{"width":1140,"height":1280,"url":"https:\/\/cemab.com\/2016\/wp-content\/uploads\/espositore-desk-cemab-2020.jpg","type":"image\/jpeg"}],"twitter_card":"summary_large_image","twitter_site":"@cemabsrl","twitter_misc":{"Gesch\u00e4tzte Lesezeit":"1\u00a0Minute"},"schema":{"@context":"https:\/\/schema.org","@graph":[{"@type":"WebPage","@id":"https:\/\/cemab.com\/de\/katalog\/bodendsplays\/desk\/","url":"https:\/\/cemab.com\/de\/katalog\/bodendsplays\/desk\/","name":"Tavolo Espositore in legno, montaggio ad incastro, 100% personalizzabile","isPartOf":{"@id":"https:\/\/cemab.com\/de\/#website"},"primaryImageOfPage":{"@id":"https:\/\/cemab.com\/de\/katalog\/bodendsplays\/desk\/#primaryimage"},"image":{"@id":"https:\/\/cemab.com\/de\/katalog\/bodendsplays\/desk\/#primaryimage"},"thumbnailUrl":"https:\/\/cemab.com\/2016\/wp-content\/uploads\/espositore-desk-cemab-2020.jpg","datePublished":"2016-10-21T07:35:02+00:00","dateModified":"2020-03-19T13:14:50+00:00","description":"Scopri le offerte su Desk, espositore da terra in legno facile da montare. Ideale per stand informativi, punti vendita e supermercati, eventi e fiere.","breadcrumb":{"@id":"https:\/\/cemab.com\/de\/katalog\/bodendsplays\/desk\/#breadcrumb"},"inLanguage":"de","potentialAction":[{"@type":"ReadAction","target":["https:\/\/cemab.com\/de\/katalog\/bodendsplays\/desk\/"]}]},{"@type":"ImageObject","inLanguage":"de","@id":"https:\/\/cemab.com\/de\/katalog\/bodendsplays\/desk\/#primaryimage","url":"https:\/\/cemab.com\/2016\/wp-content\/uploads\/espositore-desk-cemab-2020.jpg","contentUrl":"https:\/\/cemab.com\/2016\/wp-content\/uploads\/espositore-desk-cemab-2020.jpg","width":1140,"height":1280},{"@type":"BreadcrumbList","@id":"https:\/\/cemab.com\/de\/katalog\/bodendsplays\/desk\/#breadcrumb","itemListElement":[{"@type":"ListItem","position":1,"name":"Home","item":"https:\/\/cemab.com\/de\/"},{"@type":"ListItem","position":2,"name":"Catalogo","item":"https:\/\/cemab.com\/catalogo\/"},{"@type":"ListItem","position":3,"name":"Bodendsplays","item":"https:\/\/cemab.com\/de\/kategorie\/bodendsplays\/"},{"@type":"ListItem","position":4,"name":"Desk"}]},{"@type":"WebSite","@id":"https:\/\/cemab.com\/de\/#website","url":"https:\/\/cemab.com\/de\/","name":"Cemab srl - Espositori in legno ad incastro","description":"espositori in legno ad incastro :: wooden display in kit :: holz display :: pr\u00e9sentoirs en bois :: expositores de madera","publisher":{"@id":"https:\/\/cemab.com\/de\/#organization"},"potentialAction":[{"@type":"SearchAction","target":{"@type":"EntryPoint","urlTemplate":"https:\/\/cemab.com\/de\/?s={search_term_string}"},"query-input":{"@type":"PropertyValueSpecification","valueRequired":true,"valueName":"search_term_string"}}],"inLanguage":"de"},{"@type":"Organization","@id":"https:\/\/cemab.com\/de\/#organization","name":"Cemab srl","url":"https:\/\/cemab.com\/de\/","logo":{"@type":"ImageObject","inLanguage":"de","@id":"https:\/\/cemab.com\/de\/#\/schema\/logo\/image\/","url":"https:\/\/cemab.com\/2016\/wp-content\/uploads\/cemab.png","contentUrl":"https:\/\/cemab.com\/2016\/wp-content\/uploads\/cemab.png","width":250,"height":60,"caption":"Cemab srl"},"image":{"@id":"https:\/\/cemab.com\/de\/#\/schema\/logo\/image\/"},"sameAs":["https:\/\/www.facebook.com\/cemab.srl\/","https:\/\/x.com\/cemabsrl","https:\/\/www.instagram.com\/cemabsrl\/","https:\/\/it.pinterest.com\/cemabsrl\/","https:\/\/www.youtube.com\/user\/00Cemab00"]}]}},"_links":{"self":[{"href":"https:\/\/cemab.com\/de\/wp-json\/wp\/v2\/product\/10319","targetHints":{"allow":["GET"]}}],"collection":[{"href":"https:\/\/cemab.com\/de\/wp-json\/wp\/v2\/product"}],"about":[{"href":"https:\/\/cemab.com\/de\/wp-json\/wp\/v2\/types\/product"}],"wp:featuredmedia":[{"embeddable":true,"href":"https:\/\/cemab.com\/de\/wp-json\/wp\/v2\/media\/18290"}],"wp:attachment":[{"href":"https:\/\/cemab.com\/de\/wp-json\/wp\/v2\/media?parent=10319"}],"wp:term":[{"taxonomy":"product_brand","embeddable":true,"href":"https:\/\/cemab.com\/de\/wp-json\/wp\/v2\/product_brand?post=10319"},{"taxonomy":"product_cat","embeddable":true,"href":"https:\/\/cemab.com\/de\/wp-json\/wp\/v2\/product_cat?post=10319"},{"taxonomy":"product_tag","embeddable":true,"href":"https:\/\/cemab.com\/de\/wp-json\/wp\/v2\/product_tag?post=10319"}],"curies":[{"name":"wp","href":"https:\/\/api.w.org\/{rel}","templated":true}]}}